{"id":38018,"date":"2024-07-29T16:36:04","date_gmt":"2024-07-29T16:36:04","guid":{"rendered":"https:\/\/www.fastcarshop.com\/?post_type=product&#038;p=38018"},"modified":"2025-10-01T12:57:37","modified_gmt":"2025-10-01T12:57:37","slug":"motore-nuovo-m96-02-3-4l-rigenerato-scambio-standard","status":"publish","type":"product","link":"https:\/\/www.fastcarshop.com\/it\/shop\/porsche-carrera-it\/porsche-carrera-996-it\/motore-nuovo-m96-02-3-4l-rigenerato-scambio-standard\/","title":{"rendered":"Motore nuovo M96.02 3.4L rigenerato (scambio standard)"},"content":{"rendered":"<h5>Motore completamente rigenerato venduto in scambio standard M96.02 da 3,4L per Porsche 996 Carrera C4 3.4L Fase 1, montato tra il 1997 e il 2000. Potenza: 300cv.<\/h5>\n<h5>INCLUSO NEL PREZZO:<\/h5>\n<ul>\n<li>\n<h5>Controllo dell\u2019albero motore, dei blocchi, della pompa dell&#8217;olio e prova delle testate<\/h5>\n<\/li>\n<li>\n<h5>Alesatura e incamiciatura in ghisa dei 6 cilindri (<span style=\"text-decoration: underline;\">Miglioramento dell&#8217;affidabilit\u00e0 del motore<\/span>)<\/h5>\n<\/li>\n<li>\n<h5>Sostituzione guarnizioni delle guide delle valvole<\/h5>\n<\/li>\n<li>\n<h5>Lappatura delle valvole (lato valvole e poi lato testata)<\/h5>\n<\/li>\n<li>\n<h5>Rettifica delle testate e dei blocchi motore<\/h5>\n<\/li>\n<li>\n<h5>Sostituzione di tutte le guarnizioni del motore e le guarnizioni delle testate<\/h5>\n<\/li>\n<li>\n<h5>Cuscinetti delle bielle, cuscinetti delle bronzine e spessori<\/h5>\n<\/li>\n<li>\n<h5>Controllo pompe di ritorno dell&#8217;olio per la bancata 1-3 e bancata 4-6<\/h5>\n<\/li>\n<li>\n<h5>Tutte le catene di distribuzione<\/h5>\n<\/li>\n<li>\n<h5>Tutte le guide della catena<\/h5>\n<\/li>\n<li>\n<h5>I 3 tendicatena<\/h5>\n<\/li>\n<li>\n<h5>Installazione di un cuscinetto IMS rinforzato a rulli (<span style=\"text-decoration: underline;\">Miglioramento dell&#8217;affidabilit\u00e0 del motore<\/span>)<\/h5>\n<\/li>\n<li>\n<h5>I 6 set di segmenti<\/h5>\n<\/li>\n<li>\n<h5>Viti della testata, viti del supporto dell\u2019albero motore, viti delle bielle<\/h5>\n<\/li>\n<li>\n<h5>Pulizia di tutti i componenti<\/h5>\n<\/li>\n<\/ul>\n<h5>OPZIONALE:<\/h5>\n<ul>\n<li>\n<h5>Coppa dell&#8217;olio con partizione anti-sbattimento, capacit\u00e0 dell&#8217;olio aumentata di +0,6L (evita l&#8217;aria nella coppa in curva e\/o durante una guida pi\u00f9 sportiva) (+590\u20ac)<\/h5>\n<\/li>\n<li>\n<h5>Pistoni forgiati (migliore resistenza alla rottura durante la guida sportiva) (+1590\u20ac)<\/h5>\n<\/li>\n<li>\n<h5>Bielle forgiate (migliore resistenza alla rottura durante la guida sportiva) (+2490\u20ac)<\/h5>\n<\/li>\n<\/ul>\n<h5>GARANZIA:<\/h5>\n<ul>\n<li>\n<h5>6 mesi se spedito<\/h5>\n<\/li>\n<li>\n<h5>1 anno se montato nei nostri laboratori (+2290\u20ac inclusa la revisione)<\/h5>\n<\/li>\n<\/ul>\n<h5>Il prezzo indicato \u00e8 valido solo in caso di cilindri graffiati.<br \/>\nVerr\u00e0 applicato un costo aggiuntivo se uno o pi\u00f9 componenti sono inutilizzabili, come l\u2019albero motore (+1699\u20ac), il blocco motore (+2299\u20ac) o una testata (+1749\u20ac). In caso di scambio standard, \u00e8 necessario aggiungere un deposito di 6000\u20ac al prezzo indicato. Questo deposito verr\u00e0 rimborsato completamente o parzialmente a seconda dei danni riscontrati una volta disassemblato il motore presso la nostra officina. Per un motore \u201cmatching number\u201d, il prezzo viene calcolato direttamente dopo l&#8217;apertura del motore da restaurare, secondo le stesse condizioni di prezzo. Se il vecchio motore non viene restituito (volontariamente o perch\u00e9 non \u00e8 disponibile), il deposito sar\u00e0 trattenuto per intero.<\/h5>\n<h5>Tutti i prezzi indicati sono comprensivi di IVA.<\/h5>\n","protected":false},"excerpt":{"rendered":"<p>Motore completamente rigenerato venduto in scambio standard M96.02 da 3,4L per Porsche 996 Carrera C4 3.4L Fase 1, montato tra il 1997 e il 2000. Potenza: 300cv.<\/p>\n","protected":false},"featured_media":37895,"comment_status":"open","ping_status":"closed","template":"","meta":{"ocean_post_layout":"","ocean_both_sidebars_style":"","ocean_both_sidebars_content_width":0,"ocean_both_sidebars_sidebars_width":0,"ocean_sidebar":"0","ocean_second_sidebar":"0","ocean_disable_margins":"enable","ocean_add_body_class":"","ocean_shortcode_before_top_bar":"","ocean_shortcode_after_top_bar":"","ocean_shortcode_before_header":"","ocean_shortcode_after_header":"","ocean_has_shortcode":"","ocean_shortcode_after_title":"","ocean_shortcode_before_footer_widgets":"","ocean_shortcode_after_footer_widgets":"","ocean_shortcode_before_footer_bottom":"","ocean_shortcode_after_footer_bottom":"","ocean_display_top_bar":"default","ocean_display_header":"default","ocean_header_style":"","ocean_center_header_left_menu":"0","ocean_custom_header_template":"0","ocean_custom_logo":0,"ocean_custom_retina_logo":0,"ocean_custom_logo_max_width":0,"ocean_custom_logo_tablet_max_width":0,"ocean_custom_logo_mobile_max_width":0,"ocean_custom_logo_max_height":0,"ocean_custom_logo_tablet_max_height":0,"ocean_custom_logo_mobile_max_height":0,"ocean_header_custom_menu":"0","ocean_menu_typo_font_family":"0","ocean_menu_typo_font_subset":"","ocean_menu_typo_font_size":0,"ocean_menu_typo_font_size_tablet":0,"ocean_menu_typo_font_size_mobile":0,"ocean_menu_typo_font_size_unit":"px","ocean_menu_typo_font_weight":"","ocean_menu_typo_font_weight_tablet":"","ocean_menu_typo_font_weight_mobile":"","ocean_menu_typo_transform":"","ocean_menu_typo_transform_tablet":"","ocean_menu_typo_transform_mobile":"","ocean_menu_typo_line_height":0,"ocean_menu_typo_line_height_tablet":0,"ocean_menu_typo_line_height_mobile":0,"ocean_menu_typo_line_height_unit":"","ocean_menu_typo_spacing":0,"ocean_menu_typo_spacing_tablet":0,"ocean_menu_typo_spacing_mobile":0,"ocean_menu_typo_spacing_unit":"","ocean_menu_link_color":"","ocean_menu_link_color_hover":"","ocean_menu_link_color_active":"","ocean_menu_link_background":"","ocean_menu_link_hover_background":"","ocean_menu_link_active_background":"","ocean_menu_social_links_bg":"","ocean_menu_social_hover_links_bg":"","ocean_menu_social_links_color":"","ocean_menu_social_hover_links_color":"","ocean_disable_title":"default","ocean_disable_heading":"default","ocean_post_title":"","ocean_post_subheading":"","ocean_post_title_style":"","ocean_post_title_background_color":"","ocean_post_title_background":0,"ocean_post_title_bg_image_position":"","ocean_post_title_bg_image_attachment":"","ocean_post_title_bg_image_repeat":"","ocean_post_title_bg_image_size":"","ocean_post_title_height":0,"ocean_post_title_bg_overlay":0.5,"ocean_post_title_bg_overlay_color":"","ocean_disable_breadcrumbs":"default","ocean_breadcrumbs_color":"","ocean_breadcrumbs_separator_color":"","ocean_breadcrumbs_links_color":"","ocean_breadcrumbs_links_hover_color":"","ocean_display_footer_widgets":"default","ocean_display_footer_bottom":"default","ocean_custom_footer_template":"0"},"product_brand":[],"product_cat":[360,361,1068,344],"product_tag":[],"class_list":{"0":"post-38018","1":"product","2":"type-product","3":"status-publish","4":"has-post-thumbnail","6":"product_cat-motore-996","7":"product_cat-motore-completo-996","8":"product_cat-porsche-carrera-it","9":"product_cat-porsche-carrera-996-it","11":"entry","12":"has-media","14":"first","15":"instock","16":"taxable","17":"shipping-taxable","18":"purchasable","19":"product-type-simple","20":"has-product-nav","21":"col","22":"span_1_of_5","23":"owp-content-center","24":"owp-thumbs-layout-horizontal","25":"owp-btn-normal","26":"owp-tabs-layout-horizontal"},"yoast_head":"<!-- This site is optimized with the Yoast SEO plugin v26.9 - https:\/\/yoast.com\/product\/yoast-seo-wordpress\/ -->\n<title>Motore nuovo M96.02 3.4L rigenerato - Porsche Carrera 996 - FCS<\/title>\n<meta name=\"description\" content=\"Motore nuovo M96.02 3.4L rigenerato (scambio standard) per Porsche 996 Carrera C4 Fase 1, montato tra il 1997 e il 2000. Potenza: 300cv. - FAST CAR SHOP\" \/>\n<meta name=\"robots\" content=\"index, follow, max-snippet:-1, max-image-preview:large, max-video-preview:-1\" \/>\n<link rel=\"canonical\" href=\"https:\/\/www.fastcarshop.com\/it\/shop\/porsche-carrera-it\/porsche-carrera-996-it\/motore-nuovo-m96-02-3-4l-rigenerato-scambio-standard\/\" \/>\n<meta property=\"og:locale\" content=\"it_IT\" \/>\n<meta property=\"og:type\" content=\"article\" \/>\n<meta property=\"og:title\" content=\"Motore nuovo M96.02 3.4L rigenerato - Porsche Carrera 996 - FCS\" \/>\n<meta property=\"og:description\" content=\"Motore nuovo M96.02 3.4L rigenerato (scambio standard) per Porsche 996 Carrera C4 Fase 1, montato tra il 1997 e il 2000. Potenza: 300cv. - FAST CAR SHOP\" \/>\n<meta property=\"og:url\" content=\"https:\/\/www.fastcarshop.com\/it\/shop\/porsche-carrera-it\/porsche-carrera-996-it\/motore-nuovo-m96-02-3-4l-rigenerato-scambio-standard\/\" \/>\n<meta property=\"og:site_name\" content=\"FAST CAR SHOP - Il vostro specialista europeo di ricambi Porsche\" \/>\n<meta property=\"article:publisher\" content=\"https:\/\/www.facebook.com\/FastCarShopPorsche\/\" \/>\n<meta property=\"article:modified_time\" content=\"2025-10-01T12:57:37+00:00\" \/>\n<meta property=\"og:image\" content=\"https:\/\/www.fastcarshop.com\/wp-content\/uploads\/2024\/06\/Refection-5.jpg\" \/>\n\t<meta property=\"og:image:width\" content=\"1024\" \/>\n\t<meta property=\"og:image:height\" content=\"768\" \/>\n\t<meta property=\"og:image:type\" content=\"image\/jpeg\" \/>\n<meta name=\"twitter:card\" content=\"summary_large_image\" \/>\n<meta name=\"twitter:label1\" content=\"Tempo di lettura stimato\" \/>\n\t<meta name=\"twitter:data1\" content=\"2 minuti\" \/>\n<script type=\"application\/ld+json\" class=\"yoast-schema-graph\">{\"@context\":\"https:\/\/schema.org\",\"@graph\":[{\"@type\":\"WebPage\",\"@id\":\"https:\/\/www.fastcarshop.com\/it\/shop\/porsche-carrera-it\/porsche-carrera-996-it\/motore-nuovo-m96-02-3-4l-rigenerato-scambio-standard\/\",\"url\":\"https:\/\/www.fastcarshop.com\/it\/shop\/porsche-carrera-it\/porsche-carrera-996-it\/motore-nuovo-m96-02-3-4l-rigenerato-scambio-standard\/\",\"name\":\"Motore nuovo M96.02 3.4L rigenerato - Porsche Carrera 996 - FCS\",\"isPartOf\":{\"@id\":\"https:\/\/www.fastcarshop.com\/#website\"},\"primaryImageOfPage\":{\"@id\":\"https:\/\/www.fastcarshop.com\/it\/shop\/porsche-carrera-it\/porsche-carrera-996-it\/motore-nuovo-m96-02-3-4l-rigenerato-scambio-standard\/#primaryimage\"},\"image\":{\"@id\":\"https:\/\/www.fastcarshop.com\/it\/shop\/porsche-carrera-it\/porsche-carrera-996-it\/motore-nuovo-m96-02-3-4l-rigenerato-scambio-standard\/#primaryimage\"},\"thumbnailUrl\":\"https:\/\/i0.wp.com\/www.fastcarshop.com\/wp-content\/uploads\/2024\/06\/Refection-5.jpg?fit=1024%2C768&ssl=1\",\"datePublished\":\"2024-07-29T16:36:04+00:00\",\"dateModified\":\"2025-10-01T12:57:37+00:00\",\"description\":\"Motore nuovo M96.02 3.4L rigenerato (scambio standard) per Porsche 996 Carrera C4 Fase 1, montato tra il 1997 e il 2000. Potenza: 300cv. - FAST CAR SHOP\",\"breadcrumb\":{\"@id\":\"https:\/\/www.fastcarshop.com\/it\/shop\/porsche-carrera-it\/porsche-carrera-996-it\/motore-nuovo-m96-02-3-4l-rigenerato-scambio-standard\/#breadcrumb\"},\"inLanguage\":\"it-IT\",\"potentialAction\":[{\"@type\":\"ReadAction\",\"target\":[\"https:\/\/www.fastcarshop.com\/it\/shop\/porsche-carrera-it\/porsche-carrera-996-it\/motore-nuovo-m96-02-3-4l-rigenerato-scambio-standard\/\"]}]},{\"@type\":\"ImageObject\",\"inLanguage\":\"it-IT\",\"@id\":\"https:\/\/www.fastcarshop.com\/it\/shop\/porsche-carrera-it\/porsche-carrera-996-it\/motore-nuovo-m96-02-3-4l-rigenerato-scambio-standard\/#primaryimage\",\"url\":\"https:\/\/i0.wp.com\/www.fastcarshop.com\/wp-content\/uploads\/2024\/06\/Refection-5.jpg?fit=1024%2C768&ssl=1\",\"contentUrl\":\"https:\/\/i0.wp.com\/www.fastcarshop.com\/wp-content\/uploads\/2024\/06\/Refection-5.jpg?fit=1024%2C768&ssl=1\",\"width\":1024,\"height\":768,\"caption\":\"Refection 5\"},{\"@type\":\"BreadcrumbList\",\"@id\":\"https:\/\/www.fastcarshop.com\/it\/shop\/porsche-carrera-it\/porsche-carrera-996-it\/motore-nuovo-m96-02-3-4l-rigenerato-scambio-standard\/#breadcrumb\",\"itemListElement\":[{\"@type\":\"ListItem\",\"position\":1,\"name\":\"Home page\",\"item\":\"https:\/\/www.fastcarshop.com\/it\/\"},{\"@type\":\"ListItem\",\"position\":2,\"name\":\"Negozio\",\"item\":\"https:\/\/www.fastcarshop.com\/it\/negozio\/\"},{\"@type\":\"ListItem\",\"position\":3,\"name\":\"Motore nuovo M96.02 3.4L rigenerato (scambio standard)\"}]},{\"@type\":\"WebSite\",\"@id\":\"https:\/\/www.fastcarshop.com\/#website\",\"url\":\"https:\/\/www.fastcarshop.com\/\",\"name\":\"FAST CAR SHOP - Sp\u00e9cialiste Pi\u00e8ces Porsche d&#039;occasion\",\"description\":\"FAST CAR SHOP - Il vostro specialista europeo di ricambi Porsche\",\"publisher\":{\"@id\":\"https:\/\/www.fastcarshop.com\/#organization\"},\"potentialAction\":[{\"@type\":\"SearchAction\",\"target\":{\"@type\":\"EntryPoint\",\"urlTemplate\":\"https:\/\/www.fastcarshop.com\/?s={search_term_string}\"},\"query-input\":{\"@type\":\"PropertyValueSpecification\",\"valueRequired\":true,\"valueName\":\"search_term_string\"}}],\"inLanguage\":\"it-IT\"},{\"@type\":\"Organization\",\"@id\":\"https:\/\/www.fastcarshop.com\/#organization\",\"name\":\"FAST CAR SHOP\",\"url\":\"https:\/\/www.fastcarshop.com\/\",\"logo\":{\"@type\":\"ImageObject\",\"inLanguage\":\"it-IT\",\"@id\":\"https:\/\/www.fastcarshop.com\/#\/schema\/logo\/image\/\",\"url\":\"https:\/\/i0.wp.com\/www.fastcarshop.com\/wp-content\/uploads\/2019\/09\/FCS-Badge-Facebook-180x180px-1.png?fit=180%2C180&ssl=1\",\"contentUrl\":\"https:\/\/i0.wp.com\/www.fastcarshop.com\/wp-content\/uploads\/2019\/09\/FCS-Badge-Facebook-180x180px-1.png?fit=180%2C180&ssl=1\",\"width\":180,\"height\":180,\"caption\":\"FAST CAR SHOP\"},\"image\":{\"@id\":\"https:\/\/www.fastcarshop.com\/#\/schema\/logo\/image\/\"},\"sameAs\":[\"https:\/\/www.facebook.com\/FastCarShopPorsche\/\",\"https:\/\/www.linkedin.com\/company\/20566238\"]}]}<\/script>\n<!-- \/ Yoast SEO plugin. -->","yoast_head_json":{"title":"Motore nuovo M96.02 3.4L rigenerato - Porsche Carrera 996 - FCS","description":"Motore nuovo M96.02 3.4L rigenerato (scambio standard) per Porsche 996 Carrera C4 Fase 1, montato tra il 1997 e il 2000. Potenza: 300cv. - FAST CAR SHOP","robots":{"index":"index","follow":"follow","max-snippet":"max-snippet:-1","max-image-preview":"max-image-preview:large","max-video-preview":"max-video-preview:-1"},"canonical":"https:\/\/www.fastcarshop.com\/it\/shop\/porsche-carrera-it\/porsche-carrera-996-it\/motore-nuovo-m96-02-3-4l-rigenerato-scambio-standard\/","og_locale":"it_IT","og_type":"article","og_title":"Motore nuovo M96.02 3.4L rigenerato - Porsche Carrera 996 - FCS","og_description":"Motore nuovo M96.02 3.4L rigenerato (scambio standard) per Porsche 996 Carrera C4 Fase 1, montato tra il 1997 e il 2000. Potenza: 300cv. - FAST CAR SHOP","og_url":"https:\/\/www.fastcarshop.com\/it\/shop\/porsche-carrera-it\/porsche-carrera-996-it\/motore-nuovo-m96-02-3-4l-rigenerato-scambio-standard\/","og_site_name":"FAST CAR SHOP - Il vostro specialista europeo di ricambi Porsche","article_publisher":"https:\/\/www.facebook.com\/FastCarShopPorsche\/","article_modified_time":"2025-10-01T12:57:37+00:00","og_image":[{"width":1024,"height":768,"url":"https:\/\/www.fastcarshop.com\/wp-content\/uploads\/2024\/06\/Refection-5.jpg","type":"image\/jpeg"}],"twitter_card":"summary_large_image","twitter_misc":{"Tempo di lettura stimato":"2 minuti"},"schema":{"@context":"https:\/\/schema.org","@graph":[{"@type":"WebPage","@id":"https:\/\/www.fastcarshop.com\/it\/shop\/porsche-carrera-it\/porsche-carrera-996-it\/motore-nuovo-m96-02-3-4l-rigenerato-scambio-standard\/","url":"https:\/\/www.fastcarshop.com\/it\/shop\/porsche-carrera-it\/porsche-carrera-996-it\/motore-nuovo-m96-02-3-4l-rigenerato-scambio-standard\/","name":"Motore nuovo M96.02 3.4L rigenerato - Porsche Carrera 996 - FCS","isPartOf":{"@id":"https:\/\/www.fastcarshop.com\/#website"},"primaryImageOfPage":{"@id":"https:\/\/www.fastcarshop.com\/it\/shop\/porsche-carrera-it\/porsche-carrera-996-it\/motore-nuovo-m96-02-3-4l-rigenerato-scambio-standard\/#primaryimage"},"image":{"@id":"https:\/\/www.fastcarshop.com\/it\/shop\/porsche-carrera-it\/porsche-carrera-996-it\/motore-nuovo-m96-02-3-4l-rigenerato-scambio-standard\/#primaryimage"},"thumbnailUrl":"https:\/\/i0.wp.com\/www.fastcarshop.com\/wp-content\/uploads\/2024\/06\/Refection-5.jpg?fit=1024%2C768&ssl=1","datePublished":"2024-07-29T16:36:04+00:00","dateModified":"2025-10-01T12:57:37+00:00","description":"Motore nuovo M96.02 3.4L rigenerato (scambio standard) per Porsche 996 Carrera C4 Fase 1, montato tra il 1997 e il 2000. Potenza: 300cv. - FAST CAR SHOP","breadcrumb":{"@id":"https:\/\/www.fastcarshop.com\/it\/shop\/porsche-carrera-it\/porsche-carrera-996-it\/motore-nuovo-m96-02-3-4l-rigenerato-scambio-standard\/#breadcrumb"},"inLanguage":"it-IT","potentialAction":[{"@type":"ReadAction","target":["https:\/\/www.fastcarshop.com\/it\/shop\/porsche-carrera-it\/porsche-carrera-996-it\/motore-nuovo-m96-02-3-4l-rigenerato-scambio-standard\/"]}]},{"@type":"ImageObject","inLanguage":"it-IT","@id":"https:\/\/www.fastcarshop.com\/it\/shop\/porsche-carrera-it\/porsche-carrera-996-it\/motore-nuovo-m96-02-3-4l-rigenerato-scambio-standard\/#primaryimage","url":"https:\/\/i0.wp.com\/www.fastcarshop.com\/wp-content\/uploads\/2024\/06\/Refection-5.jpg?fit=1024%2C768&ssl=1","contentUrl":"https:\/\/i0.wp.com\/www.fastcarshop.com\/wp-content\/uploads\/2024\/06\/Refection-5.jpg?fit=1024%2C768&ssl=1","width":1024,"height":768,"caption":"Refection 5"},{"@type":"BreadcrumbList","@id":"https:\/\/www.fastcarshop.com\/it\/shop\/porsche-carrera-it\/porsche-carrera-996-it\/motore-nuovo-m96-02-3-4l-rigenerato-scambio-standard\/#breadcrumb","itemListElement":[{"@type":"ListItem","position":1,"name":"Home page","item":"https:\/\/www.fastcarshop.com\/it\/"},{"@type":"ListItem","position":2,"name":"Negozio","item":"https:\/\/www.fastcarshop.com\/it\/negozio\/"},{"@type":"ListItem","position":3,"name":"Motore nuovo M96.02 3.4L rigenerato (scambio standard)"}]},{"@type":"WebSite","@id":"https:\/\/www.fastcarshop.com\/#website","url":"https:\/\/www.fastcarshop.com\/","name":"FAST CAR SHOP - Sp\u00e9cialiste Pi\u00e8ces Porsche d&#039;occasion","description":"FAST CAR SHOP - Il vostro specialista europeo di ricambi Porsche","publisher":{"@id":"https:\/\/www.fastcarshop.com\/#organization"},"potentialAction":[{"@type":"SearchAction","target":{"@type":"EntryPoint","urlTemplate":"https:\/\/www.fastcarshop.com\/?s={search_term_string}"},"query-input":{"@type":"PropertyValueSpecification","valueRequired":true,"valueName":"search_term_string"}}],"inLanguage":"it-IT"},{"@type":"Organization","@id":"https:\/\/www.fastcarshop.com\/#organization","name":"FAST CAR SHOP","url":"https:\/\/www.fastcarshop.com\/","logo":{"@type":"ImageObject","inLanguage":"it-IT","@id":"https:\/\/www.fastcarshop.com\/#\/schema\/logo\/image\/","url":"https:\/\/i0.wp.com\/www.fastcarshop.com\/wp-content\/uploads\/2019\/09\/FCS-Badge-Facebook-180x180px-1.png?fit=180%2C180&ssl=1","contentUrl":"https:\/\/i0.wp.com\/www.fastcarshop.com\/wp-content\/uploads\/2019\/09\/FCS-Badge-Facebook-180x180px-1.png?fit=180%2C180&ssl=1","width":180,"height":180,"caption":"FAST CAR SHOP"},"image":{"@id":"https:\/\/www.fastcarshop.com\/#\/schema\/logo\/image\/"},"sameAs":["https:\/\/www.facebook.com\/FastCarShopPorsche\/","https:\/\/www.linkedin.com\/company\/20566238"]}]}},"jetpack_sharing_enabled":true,"_links":{"self":[{"href":"https:\/\/www.fastcarshop.com\/it\/wp-json\/wp\/v2\/product\/38018","targetHints":{"allow":["GET"]}}],"collection":[{"href":"https:\/\/www.fastcarshop.com\/it\/wp-json\/wp\/v2\/product"}],"about":[{"href":"https:\/\/www.fastcarshop.com\/it\/wp-json\/wp\/v2\/types\/product"}],"replies":[{"embeddable":true,"href":"https:\/\/www.fastcarshop.com\/it\/wp-json\/wp\/v2\/comments?post=38018"}],"wp:featuredmedia":[{"embeddable":true,"href":"https:\/\/www.fastcarshop.com\/it\/wp-json\/wp\/v2\/media\/37895"}],"wp:attachment":[{"href":"https:\/\/www.fastcarshop.com\/it\/wp-json\/wp\/v2\/media?parent=38018"}],"wp:term":[{"taxonomy":"product_brand","embeddable":true,"href":"https:\/\/www.fastcarshop.com\/it\/wp-json\/wp\/v2\/product_brand?post=38018"},{"taxonomy":"product_cat","embeddable":true,"href":"https:\/\/www.fastcarshop.com\/it\/wp-json\/wp\/v2\/product_cat?post=38018"},{"taxonomy":"product_tag","embeddable":true,"href":"https:\/\/www.fastcarshop.com\/it\/wp-json\/wp\/v2\/product_tag?post=38018"}],"curies":[{"name":"wp","href":"https:\/\/api.w.org\/{rel}","templated":true}]}}