{"id":38038,"date":"2024-07-31T09:24:20","date_gmt":"2024-07-31T09:24:22","guid":{"rendered":"https:\/\/www.fastcarshop.com\/?post_type=product&#038;p=38038"},"modified":"2025-01-08T14:48:28","modified_gmt":"2025-01-08T14:48:28","slug":"nuevo-motor-m96-25-2-7l-intercambio-estandar","status":"publish","type":"product","link":"https:\/\/www.fastcarshop.com\/es\/shop\/porsche-boxster-es\/porsche-boxster-987-es\/nuevo-motor-m96-25-2-7l-intercambio-estandar\/","title":{"rendered":"Nuevo motor M96.25 2.7L (intercambio est\u00e1ndar)"},"content":{"rendered":"<h5>Motor completamente reconstruido vendido en intercambio est\u00e1ndar M96.25 de 2,7L para Porsche 987 Boxster 2.7L Fase 1, montado entre 2004 y 2005. Potencia: 240cv.<\/h5>\n<h5>INCLUIDO EN EL PRECIO:<\/h5>\n<ul>\n<li>\n<h5>Inspecci\u00f3n del cig\u00fce\u00f1al, bloques, bomba de aceite y prueba de las culatas<\/h5>\n<\/li>\n<li>\n<h5>Alesado de los bloques y re-cilindrado de los 6 cilindros de fundici\u00f3n (<span style=\"text-decoration: underline\">Mejora de la fiabilidad del motor<\/span>)<\/h5>\n<\/li>\n<li>\n<h5>Juntas de gu\u00edas de v\u00e1lvula<\/h5>\n<\/li>\n<li>\n<h5>Ajuste de las v\u00e1lvulas (lado de las v\u00e1lvulas y luego lado de la culata)<\/h5>\n<\/li>\n<li>\n<h5>Planificaci\u00f3n de las culatas y de los bloques del motor<\/h5>\n<\/li>\n<li>\n<h5>Todos los juntas del motor y las juntas de las culatas<\/h5>\n<\/li>\n<li>\n<h5>Cojinetes de bielas, cojinetes de bancada y cu\u00f1as<\/h5>\n<\/li>\n<li>\n<h5>Bombas de retorno de aceite para los lados 1-3 y 4-6<\/h5>\n<\/li>\n<li>\n<h5>Todas las cadenas de distribuci\u00f3n<\/h5>\n<\/li>\n<li>\n<h5>Todas las gu\u00edas de cadena<\/h5>\n<\/li>\n<li>\n<h5>Los 3 tensores de cadena<\/h5>\n<\/li>\n<li>\n<h5>Instalaci\u00f3n de un rodamiento IMS reforzado con rodillos (<span style=\"text-decoration: underline\">Mejora de la fiabilidad del motor<\/span>)<\/h5>\n<\/li>\n<li>\n<h5>Los 6 juegos de segmentos<\/h5>\n<\/li>\n<li>\n<h5>Pernos de culata, pernos de la jaula del cig\u00fce\u00f1al, pernos de biela<\/h5>\n<\/li>\n<li>\n<h5>Limpieza y depuraci\u00f3n de todos los componentes<\/h5>\n<\/li>\n<\/ul>\n<h5>OPCIONAL:<\/h5>\n<ul>\n<li>\n<h5>C\u00e1rter de aceite particionado con capacidad de aceite aumentada en +0.6L (evita la p\u00e9rdida de aceite en las curvas y\/o en una conducci\u00f3n m\u00e1s deportiva) (+590\u20ac)<\/h5>\n<\/li>\n<li>\n<h5>Pistones forjados (mejor resistencia a la rotura en conducci\u00f3n deportiva) (+1590\u20ac)<\/h5>\n<\/li>\n<li>\n<h5>Bielas forjadas (mejor resistencia a la rotura en conducci\u00f3n deportiva) (+2490\u20ac)<\/h5>\n<\/li>\n<\/ul>\n<h5>GARANT\u00cdA:<\/h5>\n<ul>\n<li>\n<h5>6 meses si se env\u00eda<\/h5>\n<\/li>\n<li>\n<h5>1 a\u00f1o si se monta en nuestros talleres (+2290\u20ac incluyendo el servicio)<\/h5>\n<\/li>\n<\/ul>\n<h5>El precio mostrado es v\u00e1lido para casos de cilindros rayados.<br \/>\nSe aplicar\u00e1 un costo adicional si uno o m\u00e1s elementos son inservibles como el cig\u00fce\u00f1al (+1699\u20ac), el bloque del motor (+1699\u20ac) o una culata (+799\u20ac). En caso de intercambio est\u00e1ndar, se debe a\u00f1adir un dep\u00f3sito de 4000\u20ac al precio mostrado. Este dep\u00f3sito se reembolsar\u00e1 total o parcialmente (seg\u00fan los da\u00f1os observados al abrirlo) una vez recibido y revisado el motor viejo en nuestros talleres. Para una restauraci\u00f3n de motor \u00abmatching number\u00bb, el precio se calcular\u00e1 directamente despu\u00e9s de abrir el motor a restaurar, bajo las mismas condiciones tarifarias. Si el motor viejo no es devuelto (ya sea intencionalmente o porque no existe), el dep\u00f3sito se retendr\u00e1 en su totalidad.<\/h5>\n<h5>Los precios son con IVA incluido.<\/h5>\n","protected":false},"excerpt":{"rendered":"<p>Motor completamente reconstruido vendido en intercambio est\u00e1ndar M96.25 de 2,7L para Porsche 987 Boxster 2.7L Fase 1, montado entre 2004 y 2005. Potencia: 240cv.<\/p>\n","protected":false},"featured_media":37896,"comment_status":"open","ping_status":"closed","template":"","meta":{"ocean_post_layout":"","ocean_both_sidebars_style":"","ocean_both_sidebars_content_width":0,"ocean_both_sidebars_sidebars_width":0,"ocean_sidebar":"0","ocean_second_sidebar":"0","ocean_disable_margins":"enable","ocean_add_body_class":"","ocean_shortcode_before_top_bar":"","ocean_shortcode_after_top_bar":"","ocean_shortcode_before_header":"","ocean_shortcode_after_header":"","ocean_has_shortcode":"","ocean_shortcode_after_title":"","ocean_shortcode_before_footer_widgets":"","ocean_shortcode_after_footer_widgets":"","ocean_shortcode_before_footer_bottom":"","ocean_shortcode_after_footer_bottom":"","ocean_display_top_bar":"default","ocean_display_header":"default","ocean_header_style":"","ocean_center_header_left_menu":"0","ocean_custom_header_template":"0","ocean_custom_logo":0,"ocean_custom_retina_logo":0,"ocean_custom_logo_max_width":0,"ocean_custom_logo_tablet_max_width":0,"ocean_custom_logo_mobile_max_width":0,"ocean_custom_logo_max_height":0,"ocean_custom_logo_tablet_max_height":0,"ocean_custom_logo_mobile_max_height":0,"ocean_header_custom_menu":"0","ocean_menu_typo_font_family":"0","ocean_menu_typo_font_subset":"","ocean_menu_typo_font_size":0,"ocean_menu_typo_font_size_tablet":0,"ocean_menu_typo_font_size_mobile":0,"ocean_menu_typo_font_size_unit":"px","ocean_menu_typo_font_weight":"","ocean_menu_typo_font_weight_tablet":"","ocean_menu_typo_font_weight_mobile":"","ocean_menu_typo_transform":"","ocean_menu_typo_transform_tablet":"","ocean_menu_typo_transform_mobile":"","ocean_menu_typo_line_height":0,"ocean_menu_typo_line_height_tablet":0,"ocean_menu_typo_line_height_mobile":0,"ocean_menu_typo_line_height_unit":"","ocean_menu_typo_spacing":0,"ocean_menu_typo_spacing_tablet":0,"ocean_menu_typo_spacing_mobile":0,"ocean_menu_typo_spacing_unit":"","ocean_menu_link_color":"","ocean_menu_link_color_hover":"","ocean_menu_link_color_active":"","ocean_menu_link_background":"","ocean_menu_link_hover_background":"","ocean_menu_link_active_background":"","ocean_menu_social_links_bg":"","ocean_menu_social_hover_links_bg":"","ocean_menu_social_links_color":"","ocean_menu_social_hover_links_color":"","ocean_disable_title":"default","ocean_disable_heading":"default","ocean_post_title":"","ocean_post_subheading":"","ocean_post_title_style":"","ocean_post_title_background_color":"","ocean_post_title_background":0,"ocean_post_title_bg_image_position":"","ocean_post_title_bg_image_attachment":"","ocean_post_title_bg_image_repeat":"","ocean_post_title_bg_image_size":"","ocean_post_title_height":0,"ocean_post_title_bg_overlay":0.5,"ocean_post_title_bg_overlay_color":"","ocean_disable_breadcrumbs":"default","ocean_breadcrumbs_color":"","ocean_breadcrumbs_separator_color":"","ocean_breadcrumbs_links_color":"","ocean_breadcrumbs_links_hover_color":"","ocean_display_footer_widgets":"default","ocean_display_footer_bottom":"default","ocean_custom_footer_template":"0"},"product_brand":[],"product_cat":[656,751,756,1000],"product_tag":[],"class_list":{"0":"post-38038","1":"product","2":"type-product","3":"status-publish","4":"has-post-thumbnail","6":"product_cat-porsche-boxster-987-es","7":"product_cat-motor-987","8":"product_cat-motor-completo-987","9":"product_cat-porsche-boxster-es","10":"product_shipping_class-motor","12":"entry","13":"has-media","15":"first","16":"instock","17":"taxable","18":"shipping-taxable","19":"purchasable","20":"product-type-simple","21":"has-product-nav","22":"col","23":"span_1_of_5","24":"owp-content-center","25":"owp-thumbs-layout-horizontal","26":"owp-btn-normal","27":"owp-tabs-layout-horizontal"},"yoast_head":"<!-- This site is optimized with the Yoast SEO plugin v26.9 - https:\/\/yoast.com\/product\/yoast-seo-wordpress\/ -->\n<title>Nuevo motor M96.25 2.7L (intercambio est\u00e1ndar) - Porsche 987<\/title>\n<meta name=\"description\" content=\"Nuevo motor M96.25 2.7L (cambio est\u00e1ndar) para Porsche 987 Boxster entre 2004 y 2005. Potencia: 240cv. - FAST CAR SHOP - Especialista en Porsche.\" \/>\n<meta name=\"robots\" content=\"index, follow, max-snippet:-1, max-image-preview:large, max-video-preview:-1\" \/>\n<link rel=\"canonical\" href=\"https:\/\/www.fastcarshop.com\/es\/shop\/porsche-boxster-es\/porsche-boxster-987-es\/nuevo-motor-m96-25-2-7l-intercambio-estandar\/\" \/>\n<meta property=\"og:locale\" content=\"es_ES\" \/>\n<meta property=\"og:type\" content=\"article\" \/>\n<meta property=\"og:title\" content=\"Nuevo motor M96.25 2.7L (intercambio est\u00e1ndar) - Porsche 987\" \/>\n<meta property=\"og:description\" content=\"Nuevo motor M96.25 2.7L (cambio est\u00e1ndar) para Porsche 987 Boxster entre 2004 y 2005. Potencia: 240cv. - FAST CAR SHOP - Especialista en Porsche.\" \/>\n<meta property=\"og:url\" content=\"https:\/\/www.fastcarshop.com\/es\/shop\/porsche-boxster-es\/porsche-boxster-987-es\/nuevo-motor-m96-25-2-7l-intercambio-estandar\/\" \/>\n<meta property=\"og:site_name\" content=\"FAST CAR SHOP - Su especialista europeo en piezas de recambio para Porsche\" \/>\n<meta property=\"article:publisher\" content=\"https:\/\/www.facebook.com\/FastCarShopPorsche\/\" \/>\n<meta property=\"article:modified_time\" content=\"2025-01-08T14:48:28+00:00\" \/>\n<meta property=\"og:image\" content=\"https:\/\/i0.wp.com\/www.fastcarshop.com\/wp-content\/uploads\/2024\/06\/Refection-5.jpg?fit=1024%2C768&ssl=1\" \/>\n\t<meta property=\"og:image:width\" content=\"1024\" \/>\n\t<meta property=\"og:image:height\" content=\"768\" \/>\n\t<meta property=\"og:image:type\" content=\"image\/jpeg\" \/>\n<meta name=\"twitter:card\" content=\"summary_large_image\" \/>\n<meta name=\"twitter:label1\" content=\"Tiempo de lectura\" \/>\n\t<meta name=\"twitter:data1\" content=\"3 minutos\" \/>\n<script type=\"application\/ld+json\" class=\"yoast-schema-graph\">{\"@context\":\"https:\/\/schema.org\",\"@graph\":[{\"@type\":\"WebPage\",\"@id\":\"https:\/\/www.fastcarshop.com\/es\/shop\/porsche-boxster-es\/porsche-boxster-987-es\/nuevo-motor-m96-25-2-7l-intercambio-estandar\/\",\"url\":\"https:\/\/www.fastcarshop.com\/es\/shop\/porsche-boxster-es\/porsche-boxster-987-es\/nuevo-motor-m96-25-2-7l-intercambio-estandar\/\",\"name\":\"Nuevo motor M96.25 2.7L (intercambio est\u00e1ndar) - Porsche 987\",\"isPartOf\":{\"@id\":\"https:\/\/www.fastcarshop.com\/#website\"},\"primaryImageOfPage\":{\"@id\":\"https:\/\/www.fastcarshop.com\/es\/shop\/porsche-boxster-es\/porsche-boxster-987-es\/nuevo-motor-m96-25-2-7l-intercambio-estandar\/#primaryimage\"},\"image\":{\"@id\":\"https:\/\/www.fastcarshop.com\/es\/shop\/porsche-boxster-es\/porsche-boxster-987-es\/nuevo-motor-m96-25-2-7l-intercambio-estandar\/#primaryimage\"},\"thumbnailUrl\":\"https:\/\/i0.wp.com\/www.fastcarshop.com\/wp-content\/uploads\/2024\/06\/Refection-5.jpg?fit=1024%2C768&ssl=1\",\"datePublished\":\"2024-07-31T09:24:22+00:00\",\"dateModified\":\"2025-01-08T14:48:28+00:00\",\"description\":\"Nuevo motor M96.25 2.7L (cambio est\u00e1ndar) para Porsche 987 Boxster entre 2004 y 2005. Potencia: 240cv. - FAST CAR SHOP - Especialista en Porsche.\",\"breadcrumb\":{\"@id\":\"https:\/\/www.fastcarshop.com\/es\/shop\/porsche-boxster-es\/porsche-boxster-987-es\/nuevo-motor-m96-25-2-7l-intercambio-estandar\/#breadcrumb\"},\"inLanguage\":\"es\",\"potentialAction\":[{\"@type\":\"ReadAction\",\"target\":[\"https:\/\/www.fastcarshop.com\/es\/shop\/porsche-boxster-es\/porsche-boxster-987-es\/nuevo-motor-m96-25-2-7l-intercambio-estandar\/\"]}]},{\"@type\":\"ImageObject\",\"inLanguage\":\"es\",\"@id\":\"https:\/\/www.fastcarshop.com\/es\/shop\/porsche-boxster-es\/porsche-boxster-987-es\/nuevo-motor-m96-25-2-7l-intercambio-estandar\/#primaryimage\",\"url\":\"https:\/\/i0.wp.com\/www.fastcarshop.com\/wp-content\/uploads\/2024\/06\/Refection-5.jpg?fit=1024%2C768&ssl=1\",\"contentUrl\":\"https:\/\/i0.wp.com\/www.fastcarshop.com\/wp-content\/uploads\/2024\/06\/Refection-5.jpg?fit=1024%2C768&ssl=1\",\"width\":1024,\"height\":768,\"caption\":\"Refection 5\"},{\"@type\":\"BreadcrumbList\",\"@id\":\"https:\/\/www.fastcarshop.com\/es\/shop\/porsche-boxster-es\/porsche-boxster-987-es\/nuevo-motor-m96-25-2-7l-intercambio-estandar\/#breadcrumb\",\"itemListElement\":[{\"@type\":\"ListItem\",\"position\":1,\"name\":\"Home P\u00e1gina\",\"item\":\"https:\/\/www.fastcarshop.com\/es\/\"},{\"@type\":\"ListItem\",\"position\":2,\"name\":\"P\u00e1gina de veh\u00edculos\",\"item\":\"https:\/\/www.fastcarshop.com\/es\/pagina-de-vehiculos\/\"},{\"@type\":\"ListItem\",\"position\":3,\"name\":\"Nuevo motor M96.25 2.7L (intercambio est\u00e1ndar)\"}]},{\"@type\":\"WebSite\",\"@id\":\"https:\/\/www.fastcarshop.com\/#website\",\"url\":\"https:\/\/www.fastcarshop.com\/\",\"name\":\"FAST CAR SHOP - Sp\u00e9cialiste Pi\u00e8ces Porsche d&#039;occasion\",\"description\":\"FAST CAR SHOP - Su especialista europeo en piezas de recambio para Porsche\",\"publisher\":{\"@id\":\"https:\/\/www.fastcarshop.com\/#organization\"},\"potentialAction\":[{\"@type\":\"SearchAction\",\"target\":{\"@type\":\"EntryPoint\",\"urlTemplate\":\"https:\/\/www.fastcarshop.com\/?s={search_term_string}\"},\"query-input\":{\"@type\":\"PropertyValueSpecification\",\"valueRequired\":true,\"valueName\":\"search_term_string\"}}],\"inLanguage\":\"es\"},{\"@type\":\"Organization\",\"@id\":\"https:\/\/www.fastcarshop.com\/#organization\",\"name\":\"FAST CAR SHOP\",\"url\":\"https:\/\/www.fastcarshop.com\/\",\"logo\":{\"@type\":\"ImageObject\",\"inLanguage\":\"es\",\"@id\":\"https:\/\/www.fastcarshop.com\/#\/schema\/logo\/image\/\",\"url\":\"https:\/\/i0.wp.com\/www.fastcarshop.com\/wp-content\/uploads\/2019\/09\/FCS-Badge-Facebook-180x180px-1.png?fit=180%2C180&ssl=1\",\"contentUrl\":\"https:\/\/i0.wp.com\/www.fastcarshop.com\/wp-content\/uploads\/2019\/09\/FCS-Badge-Facebook-180x180px-1.png?fit=180%2C180&ssl=1\",\"width\":180,\"height\":180,\"caption\":\"FAST CAR SHOP\"},\"image\":{\"@id\":\"https:\/\/www.fastcarshop.com\/#\/schema\/logo\/image\/\"},\"sameAs\":[\"https:\/\/www.facebook.com\/FastCarShopPorsche\/\",\"https:\/\/www.linkedin.com\/company\/20566238\"]}]}<\/script>\n<!-- \/ Yoast SEO plugin. -->","yoast_head_json":{"title":"Nuevo motor M96.25 2.7L (intercambio est\u00e1ndar) - Porsche 987","description":"Nuevo motor M96.25 2.7L (cambio est\u00e1ndar) para Porsche 987 Boxster entre 2004 y 2005. Potencia: 240cv. - FAST CAR SHOP - Especialista en Porsche.","robots":{"index":"index","follow":"follow","max-snippet":"max-snippet:-1","max-image-preview":"max-image-preview:large","max-video-preview":"max-video-preview:-1"},"canonical":"https:\/\/www.fastcarshop.com\/es\/shop\/porsche-boxster-es\/porsche-boxster-987-es\/nuevo-motor-m96-25-2-7l-intercambio-estandar\/","og_locale":"es_ES","og_type":"article","og_title":"Nuevo motor M96.25 2.7L (intercambio est\u00e1ndar) - Porsche 987","og_description":"Nuevo motor M96.25 2.7L (cambio est\u00e1ndar) para Porsche 987 Boxster entre 2004 y 2005. Potencia: 240cv. - FAST CAR SHOP - Especialista en Porsche.","og_url":"https:\/\/www.fastcarshop.com\/es\/shop\/porsche-boxster-es\/porsche-boxster-987-es\/nuevo-motor-m96-25-2-7l-intercambio-estandar\/","og_site_name":"FAST CAR SHOP - Su especialista europeo en piezas de recambio para Porsche","article_publisher":"https:\/\/www.facebook.com\/FastCarShopPorsche\/","article_modified_time":"2025-01-08T14:48:28+00:00","og_image":[{"width":1024,"height":768,"url":"https:\/\/i0.wp.com\/www.fastcarshop.com\/wp-content\/uploads\/2024\/06\/Refection-5.jpg?fit=1024%2C768&ssl=1","type":"image\/jpeg"}],"twitter_card":"summary_large_image","twitter_misc":{"Tiempo de lectura":"3 minutos"},"schema":{"@context":"https:\/\/schema.org","@graph":[{"@type":"WebPage","@id":"https:\/\/www.fastcarshop.com\/es\/shop\/porsche-boxster-es\/porsche-boxster-987-es\/nuevo-motor-m96-25-2-7l-intercambio-estandar\/","url":"https:\/\/www.fastcarshop.com\/es\/shop\/porsche-boxster-es\/porsche-boxster-987-es\/nuevo-motor-m96-25-2-7l-intercambio-estandar\/","name":"Nuevo motor M96.25 2.7L (intercambio est\u00e1ndar) - Porsche 987","isPartOf":{"@id":"https:\/\/www.fastcarshop.com\/#website"},"primaryImageOfPage":{"@id":"https:\/\/www.fastcarshop.com\/es\/shop\/porsche-boxster-es\/porsche-boxster-987-es\/nuevo-motor-m96-25-2-7l-intercambio-estandar\/#primaryimage"},"image":{"@id":"https:\/\/www.fastcarshop.com\/es\/shop\/porsche-boxster-es\/porsche-boxster-987-es\/nuevo-motor-m96-25-2-7l-intercambio-estandar\/#primaryimage"},"thumbnailUrl":"https:\/\/i0.wp.com\/www.fastcarshop.com\/wp-content\/uploads\/2024\/06\/Refection-5.jpg?fit=1024%2C768&ssl=1","datePublished":"2024-07-31T09:24:22+00:00","dateModified":"2025-01-08T14:48:28+00:00","description":"Nuevo motor M96.25 2.7L (cambio est\u00e1ndar) para Porsche 987 Boxster entre 2004 y 2005. Potencia: 240cv. - FAST CAR SHOP - Especialista en Porsche.","breadcrumb":{"@id":"https:\/\/www.fastcarshop.com\/es\/shop\/porsche-boxster-es\/porsche-boxster-987-es\/nuevo-motor-m96-25-2-7l-intercambio-estandar\/#breadcrumb"},"inLanguage":"es","potentialAction":[{"@type":"ReadAction","target":["https:\/\/www.fastcarshop.com\/es\/shop\/porsche-boxster-es\/porsche-boxster-987-es\/nuevo-motor-m96-25-2-7l-intercambio-estandar\/"]}]},{"@type":"ImageObject","inLanguage":"es","@id":"https:\/\/www.fastcarshop.com\/es\/shop\/porsche-boxster-es\/porsche-boxster-987-es\/nuevo-motor-m96-25-2-7l-intercambio-estandar\/#primaryimage","url":"https:\/\/i0.wp.com\/www.fastcarshop.com\/wp-content\/uploads\/2024\/06\/Refection-5.jpg?fit=1024%2C768&ssl=1","contentUrl":"https:\/\/i0.wp.com\/www.fastcarshop.com\/wp-content\/uploads\/2024\/06\/Refection-5.jpg?fit=1024%2C768&ssl=1","width":1024,"height":768,"caption":"Refection 5"},{"@type":"BreadcrumbList","@id":"https:\/\/www.fastcarshop.com\/es\/shop\/porsche-boxster-es\/porsche-boxster-987-es\/nuevo-motor-m96-25-2-7l-intercambio-estandar\/#breadcrumb","itemListElement":[{"@type":"ListItem","position":1,"name":"Home P\u00e1gina","item":"https:\/\/www.fastcarshop.com\/es\/"},{"@type":"ListItem","position":2,"name":"P\u00e1gina de veh\u00edculos","item":"https:\/\/www.fastcarshop.com\/es\/pagina-de-vehiculos\/"},{"@type":"ListItem","position":3,"name":"Nuevo motor M96.25 2.7L (intercambio est\u00e1ndar)"}]},{"@type":"WebSite","@id":"https:\/\/www.fastcarshop.com\/#website","url":"https:\/\/www.fastcarshop.com\/","name":"FAST CAR SHOP - Sp\u00e9cialiste Pi\u00e8ces Porsche d&#039;occasion","description":"FAST CAR SHOP - Su especialista europeo en piezas de recambio para Porsche","publisher":{"@id":"https:\/\/www.fastcarshop.com\/#organization"},"potentialAction":[{"@type":"SearchAction","target":{"@type":"EntryPoint","urlTemplate":"https:\/\/www.fastcarshop.com\/?s={search_term_string}"},"query-input":{"@type":"PropertyValueSpecification","valueRequired":true,"valueName":"search_term_string"}}],"inLanguage":"es"},{"@type":"Organization","@id":"https:\/\/www.fastcarshop.com\/#organization","name":"FAST CAR SHOP","url":"https:\/\/www.fastcarshop.com\/","logo":{"@type":"ImageObject","inLanguage":"es","@id":"https:\/\/www.fastcarshop.com\/#\/schema\/logo\/image\/","url":"https:\/\/i0.wp.com\/www.fastcarshop.com\/wp-content\/uploads\/2019\/09\/FCS-Badge-Facebook-180x180px-1.png?fit=180%2C180&ssl=1","contentUrl":"https:\/\/i0.wp.com\/www.fastcarshop.com\/wp-content\/uploads\/2019\/09\/FCS-Badge-Facebook-180x180px-1.png?fit=180%2C180&ssl=1","width":180,"height":180,"caption":"FAST CAR SHOP"},"image":{"@id":"https:\/\/www.fastcarshop.com\/#\/schema\/logo\/image\/"},"sameAs":["https:\/\/www.facebook.com\/FastCarShopPorsche\/","https:\/\/www.linkedin.com\/company\/20566238"]}]}},"jetpack_sharing_enabled":true,"_links":{"self":[{"href":"https:\/\/www.fastcarshop.com\/es\/wp-json\/wp\/v2\/product\/38038","targetHints":{"allow":["GET"]}}],"collection":[{"href":"https:\/\/www.fastcarshop.com\/es\/wp-json\/wp\/v2\/product"}],"about":[{"href":"https:\/\/www.fastcarshop.com\/es\/wp-json\/wp\/v2\/types\/product"}],"replies":[{"embeddable":true,"href":"https:\/\/www.fastcarshop.com\/es\/wp-json\/wp\/v2\/comments?post=38038"}],"wp:featuredmedia":[{"embeddable":true,"href":"https:\/\/www.fastcarshop.com\/es\/wp-json\/wp\/v2\/media\/37896"}],"wp:attachment":[{"href":"https:\/\/www.fastcarshop.com\/es\/wp-json\/wp\/v2\/media?parent=38038"}],"wp:term":[{"taxonomy":"product_brand","embeddable":true,"href":"https:\/\/www.fastcarshop.com\/es\/wp-json\/wp\/v2\/product_brand?post=38038"},{"taxonomy":"product_cat","embeddable":true,"href":"https:\/\/www.fastcarshop.com\/es\/wp-json\/wp\/v2\/product_cat?post=38038"},{"taxonomy":"product_tag","embeddable":true,"href":"https:\/\/www.fastcarshop.com\/es\/wp-json\/wp\/v2\/product_tag?post=38038"}],"curies":[{"name":"wp","href":"https:\/\/api.w.org\/{rel}","templated":true}]}}