{"id":9814,"date":"2020-03-15T16:19:55","date_gmt":"2020-03-15T16:19:55","guid":{"rendered":"https:\/\/www.fastcarshop.com\/?post_type=product&#038;p=9814"},"modified":"2024-01-13T08:13:27","modified_gmt":"2024-01-13T08:13:27","slug":"bouchon-dessence","status":"publish","type":"product","link":"https:\/\/www.fastcarshop.com\/de\/shop\/porsche-carrera-de\/porsche-carrera-997-de\/bouchon-dessence\/","title":{"rendered":"Bouchon d&#8217;essence"},"content":{"rendered":"<h5>Bouchon d&#8217;essence pour Porsche 911 Carrera 997, Cayman ou Boxster 987<\/h5>\n<p><script src='' type='text\/javascript'><\/script><\/p>\n","protected":false},"excerpt":{"rendered":"<p>Bouchon d&#8217;essence pour Porsche 911 Carrera 997, Cayman ou Boxster 987<\/p>\n","protected":false},"featured_media":9507,"comment_status":"open","ping_status":"closed","template":"","meta":{"ocean_post_layout":"","ocean_both_sidebars_style":"","ocean_both_sidebars_content_width":0,"ocean_both_sidebars_sidebars_width":0,"ocean_sidebar":"0","ocean_second_sidebar":"0","ocean_disable_margins":"enable","ocean_add_body_class":"","ocean_shortcode_before_top_bar":"","ocean_shortcode_after_top_bar":"","ocean_shortcode_before_header":"","ocean_shortcode_after_header":"","ocean_has_shortcode":"","ocean_shortcode_after_title":"","ocean_shortcode_before_footer_widgets":"","ocean_shortcode_after_footer_widgets":"","ocean_shortcode_before_footer_bottom":"","ocean_shortcode_after_footer_bottom":"","ocean_display_top_bar":"default","ocean_display_header":"default","ocean_header_style":"","ocean_center_header_left_menu":"0","ocean_custom_header_template":"0","ocean_custom_logo":0,"ocean_custom_retina_logo":0,"ocean_custom_logo_max_width":0,"ocean_custom_logo_tablet_max_width":0,"ocean_custom_logo_mobile_max_width":0,"ocean_custom_logo_max_height":0,"ocean_custom_logo_tablet_max_height":0,"ocean_custom_logo_mobile_max_height":0,"ocean_header_custom_menu":"0","ocean_menu_typo_font_family":"0","ocean_menu_typo_font_subset":"","ocean_menu_typo_font_size":0,"ocean_menu_typo_font_size_tablet":0,"ocean_menu_typo_font_size_mobile":0,"ocean_menu_typo_font_size_unit":"px","ocean_menu_typo_font_weight":"","ocean_menu_typo_font_weight_tablet":"","ocean_menu_typo_font_weight_mobile":"","ocean_menu_typo_transform":"","ocean_menu_typo_transform_tablet":"","ocean_menu_typo_transform_mobile":"","ocean_menu_typo_line_height":0,"ocean_menu_typo_line_height_tablet":0,"ocean_menu_typo_line_height_mobile":0,"ocean_menu_typo_line_height_unit":"","ocean_menu_typo_spacing":0,"ocean_menu_typo_spacing_tablet":0,"ocean_menu_typo_spacing_mobile":0,"ocean_menu_typo_spacing_unit":"","ocean_menu_link_color":"","ocean_menu_link_color_hover":"","ocean_menu_link_color_active":"","ocean_menu_link_background":"","ocean_menu_link_hover_background":"","ocean_menu_link_active_background":"","ocean_menu_social_links_bg":"","ocean_menu_social_hover_links_bg":"","ocean_menu_social_links_color":"","ocean_menu_social_hover_links_color":"","ocean_disable_title":"default","ocean_disable_heading":"default","ocean_post_title":"","ocean_post_subheading":"","ocean_post_title_style":"","ocean_post_title_background_color":"","ocean_post_title_background":0,"ocean_post_title_bg_image_position":"","ocean_post_title_bg_image_attachment":"","ocean_post_title_bg_image_repeat":"","ocean_post_title_bg_image_size":"","ocean_post_title_height":0,"ocean_post_title_bg_overlay":0.5,"ocean_post_title_bg_overlay_color":"","ocean_disable_breadcrumbs":"default","ocean_breadcrumbs_color":"","ocean_breadcrumbs_separator_color":"","ocean_breadcrumbs_links_color":"","ocean_breadcrumbs_links_hover_color":"","ocean_display_footer_widgets":"default","ocean_display_footer_bottom":"default","ocean_custom_footer_template":"0"},"product_brand":[],"product_cat":[30,72,31,124,34,111],"product_tag":[],"class_list":{"0":"post-9814","1":"product","2":"type-product","3":"status-publish","4":"has-post-thumbnail","6":"product_cat-porsche-boxster-987","7":"product_cat-carrosserie-987","8":"product_cat-porsche-cayman-987","9":"product_cat-carrosserie-987-c","10":"product_cat-porsche-carrera-997","11":"product_cat-carrosserie-997","13":"entry","14":"has-media","16":"first","17":"instock","18":"taxable","19":"shipping-taxable","20":"purchasable","21":"product-type-simple","22":"has-product-nav","23":"col","24":"span_1_of_5","25":"owp-content-center","26":"owp-thumbs-layout-horizontal","27":"owp-btn-normal","28":"owp-tabs-layout-horizontal","29":"has-no-thumbnails"},"yoast_head":"<!-- This site is optimized with the Yoast SEO plugin v26.9 - https:\/\/yoast.com\/product\/yoast-seo-wordpress\/ -->\n<title>Bouchon d&#039;essence Carrera 997, Cayman\/Boxster 987 - FAST CAR SHOP<\/title>\n<meta name=\"description\" content=\"Bouchon d&#039;essence pour Porsche 911 Carrera 997, Cayman ou Boxster 987 - FAST CAR SHOP - Sp\u00e9cialiste Pi\u00e8ces Porsche d&#039;occasion.\" \/>\n<meta name=\"robots\" content=\"index, follow, max-snippet:-1, max-image-preview:large, max-video-preview:-1\" \/>\n<link rel=\"canonical\" href=\"https:\/\/www.fastcarshop.com\/shop\/porsche-carrera\/porsche-carrera-997\/bouchon-dessence\/\" \/>\n<meta property=\"og:locale\" content=\"de_DE\" \/>\n<meta property=\"og:type\" content=\"article\" \/>\n<meta property=\"og:title\" content=\"Bouchon d&#039;essence Carrera 997, Cayman\/Boxster 987 - FAST CAR SHOP\" \/>\n<meta property=\"og:description\" content=\"Bouchon d&#039;essence pour Porsche 911 Carrera 997, Cayman ou Boxster 987 - FAST CAR SHOP - Sp\u00e9cialiste Pi\u00e8ces Porsche d&#039;occasion.\" \/>\n<meta property=\"og:url\" content=\"https:\/\/www.fastcarshop.com\/shop\/porsche-carrera\/porsche-carrera-997\/bouchon-dessence\/\" \/>\n<meta property=\"og:site_name\" content=\"FAST CAR SHOP - Spezialist f\u00fcr Porsche-Teile\" \/>\n<meta property=\"article:publisher\" content=\"https:\/\/www.facebook.com\/FastCarShopPorsche\/\" \/>\n<meta property=\"article:modified_time\" content=\"2024-01-13T08:13:27+00:00\" \/>\n<meta property=\"og:image\" content=\"https:\/\/i0.wp.com\/www.fastcarshop.com\/wp-content\/uploads\/2020\/03\/987-997-Bouchon-dessence.jpg?fit=1024%2C768&ssl=1\" \/>\n\t<meta property=\"og:image:width\" content=\"1024\" \/>\n\t<meta property=\"og:image:height\" content=\"768\" \/>\n\t<meta property=\"og:image:type\" content=\"image\/jpeg\" \/>\n<meta name=\"twitter:card\" content=\"summary_large_image\" \/>\n<script type=\"application\/ld+json\" class=\"yoast-schema-graph\">{\"@context\":\"https:\/\/schema.org\",\"@graph\":[{\"@type\":\"WebPage\",\"@id\":\"https:\/\/www.fastcarshop.com\/shop\/porsche-carrera\/porsche-carrera-997\/bouchon-dessence\/\",\"url\":\"https:\/\/www.fastcarshop.com\/shop\/porsche-carrera\/porsche-carrera-997\/bouchon-dessence\/\",\"name\":\"Bouchon d'essence Carrera 997, Cayman\/Boxster 987 - FAST CAR SHOP\",\"isPartOf\":{\"@id\":\"https:\/\/www.fastcarshop.com\/#website\"},\"primaryImageOfPage\":{\"@id\":\"https:\/\/www.fastcarshop.com\/shop\/porsche-carrera\/porsche-carrera-997\/bouchon-dessence\/#primaryimage\"},\"image\":{\"@id\":\"https:\/\/www.fastcarshop.com\/shop\/porsche-carrera\/porsche-carrera-997\/bouchon-dessence\/#primaryimage\"},\"thumbnailUrl\":\"https:\/\/i0.wp.com\/www.fastcarshop.com\/wp-content\/uploads\/2020\/03\/987-997-Bouchon-dessence.jpg?fit=1024%2C768&ssl=1\",\"datePublished\":\"2020-03-15T16:19:55+00:00\",\"dateModified\":\"2024-01-13T08:13:27+00:00\",\"description\":\"Bouchon d'essence pour Porsche 911 Carrera 997, Cayman ou Boxster 987 - FAST CAR SHOP - Sp\u00e9cialiste Pi\u00e8ces Porsche d'occasion.\",\"breadcrumb\":{\"@id\":\"https:\/\/www.fastcarshop.com\/shop\/porsche-carrera\/porsche-carrera-997\/bouchon-dessence\/#breadcrumb\"},\"inLanguage\":\"de\",\"potentialAction\":[{\"@type\":\"ReadAction\",\"target\":[\"https:\/\/www.fastcarshop.com\/shop\/porsche-carrera\/porsche-carrera-997\/bouchon-dessence\/\"]}]},{\"@type\":\"ImageObject\",\"inLanguage\":\"de\",\"@id\":\"https:\/\/www.fastcarshop.com\/shop\/porsche-carrera\/porsche-carrera-997\/bouchon-dessence\/#primaryimage\",\"url\":\"https:\/\/i0.wp.com\/www.fastcarshop.com\/wp-content\/uploads\/2020\/03\/987-997-Bouchon-dessence.jpg?fit=1024%2C768&ssl=1\",\"contentUrl\":\"https:\/\/i0.wp.com\/www.fastcarshop.com\/wp-content\/uploads\/2020\/03\/987-997-Bouchon-dessence.jpg?fit=1024%2C768&ssl=1\",\"width\":1024,\"height\":768,\"caption\":\"Bouchon d'essence\"},{\"@type\":\"BreadcrumbList\",\"@id\":\"https:\/\/www.fastcarshop.com\/shop\/porsche-carrera\/porsche-carrera-997\/bouchon-dessence\/#breadcrumb\",\"itemListElement\":[{\"@type\":\"ListItem\",\"position\":1,\"name\":\"Startseite\",\"item\":\"https:\/\/www.fastcarshop.com\/de\/\"},{\"@type\":\"ListItem\",\"position\":2,\"name\":\"Fahrzeugseite\",\"item\":\"https:\/\/www.fastcarshop.com\/de\/fahrzeugseite\/\"},{\"@type\":\"ListItem\",\"position\":3,\"name\":\"Bouchon d&rsquo;essence\"}]},{\"@type\":\"WebSite\",\"@id\":\"https:\/\/www.fastcarshop.com\/#website\",\"url\":\"https:\/\/www.fastcarshop.com\/\",\"name\":\"FAST CAR SHOP - Sp\u00e9cialiste Pi\u00e8ces Porsche d&#039;occasion\",\"description\":\"FAST CAR SHOP - Ihr europ\u00e4ischer Porsche Ersatzteilspezialist\",\"publisher\":{\"@id\":\"https:\/\/www.fastcarshop.com\/#organization\"},\"potentialAction\":[{\"@type\":\"SearchAction\",\"target\":{\"@type\":\"EntryPoint\",\"urlTemplate\":\"https:\/\/www.fastcarshop.com\/?s={search_term_string}\"},\"query-input\":{\"@type\":\"PropertyValueSpecification\",\"valueRequired\":true,\"valueName\":\"search_term_string\"}}],\"inLanguage\":\"de\"},{\"@type\":\"Organization\",\"@id\":\"https:\/\/www.fastcarshop.com\/#organization\",\"name\":\"FAST CAR SHOP\",\"url\":\"https:\/\/www.fastcarshop.com\/\",\"logo\":{\"@type\":\"ImageObject\",\"inLanguage\":\"de\",\"@id\":\"https:\/\/www.fastcarshop.com\/#\/schema\/logo\/image\/\",\"url\":\"https:\/\/i0.wp.com\/www.fastcarshop.com\/wp-content\/uploads\/2019\/09\/FCS-Badge-Facebook-180x180px-1.png?fit=180%2C180&ssl=1\",\"contentUrl\":\"https:\/\/i0.wp.com\/www.fastcarshop.com\/wp-content\/uploads\/2019\/09\/FCS-Badge-Facebook-180x180px-1.png?fit=180%2C180&ssl=1\",\"width\":180,\"height\":180,\"caption\":\"FAST CAR SHOP\"},\"image\":{\"@id\":\"https:\/\/www.fastcarshop.com\/#\/schema\/logo\/image\/\"},\"sameAs\":[\"https:\/\/www.facebook.com\/FastCarShopPorsche\/\",\"https:\/\/www.linkedin.com\/company\/20566238\"]}]}<\/script>\n<!-- \/ Yoast SEO plugin. -->","yoast_head_json":{"title":"Bouchon d'essence Carrera 997, Cayman\/Boxster 987 - FAST CAR SHOP","description":"Bouchon d'essence pour Porsche 911 Carrera 997, Cayman ou Boxster 987 - FAST CAR SHOP - Sp\u00e9cialiste Pi\u00e8ces Porsche d'occasion.","robots":{"index":"index","follow":"follow","max-snippet":"max-snippet:-1","max-image-preview":"max-image-preview:large","max-video-preview":"max-video-preview:-1"},"canonical":"https:\/\/www.fastcarshop.com\/shop\/porsche-carrera\/porsche-carrera-997\/bouchon-dessence\/","og_locale":"de_DE","og_type":"article","og_title":"Bouchon d'essence Carrera 997, Cayman\/Boxster 987 - FAST CAR SHOP","og_description":"Bouchon d'essence pour Porsche 911 Carrera 997, Cayman ou Boxster 987 - FAST CAR SHOP - Sp\u00e9cialiste Pi\u00e8ces Porsche d'occasion.","og_url":"https:\/\/www.fastcarshop.com\/shop\/porsche-carrera\/porsche-carrera-997\/bouchon-dessence\/","og_site_name":"FAST CAR SHOP - Spezialist f\u00fcr Porsche-Teile","article_publisher":"https:\/\/www.facebook.com\/FastCarShopPorsche\/","article_modified_time":"2024-01-13T08:13:27+00:00","og_image":[{"width":1024,"height":768,"url":"https:\/\/i0.wp.com\/www.fastcarshop.com\/wp-content\/uploads\/2020\/03\/987-997-Bouchon-dessence.jpg?fit=1024%2C768&ssl=1","type":"image\/jpeg"}],"twitter_card":"summary_large_image","schema":{"@context":"https:\/\/schema.org","@graph":[{"@type":"WebPage","@id":"https:\/\/www.fastcarshop.com\/shop\/porsche-carrera\/porsche-carrera-997\/bouchon-dessence\/","url":"https:\/\/www.fastcarshop.com\/shop\/porsche-carrera\/porsche-carrera-997\/bouchon-dessence\/","name":"Bouchon d'essence Carrera 997, Cayman\/Boxster 987 - FAST CAR SHOP","isPartOf":{"@id":"https:\/\/www.fastcarshop.com\/#website"},"primaryImageOfPage":{"@id":"https:\/\/www.fastcarshop.com\/shop\/porsche-carrera\/porsche-carrera-997\/bouchon-dessence\/#primaryimage"},"image":{"@id":"https:\/\/www.fastcarshop.com\/shop\/porsche-carrera\/porsche-carrera-997\/bouchon-dessence\/#primaryimage"},"thumbnailUrl":"https:\/\/i0.wp.com\/www.fastcarshop.com\/wp-content\/uploads\/2020\/03\/987-997-Bouchon-dessence.jpg?fit=1024%2C768&ssl=1","datePublished":"2020-03-15T16:19:55+00:00","dateModified":"2024-01-13T08:13:27+00:00","description":"Bouchon d'essence pour Porsche 911 Carrera 997, Cayman ou Boxster 987 - FAST CAR SHOP - Sp\u00e9cialiste Pi\u00e8ces Porsche d'occasion.","breadcrumb":{"@id":"https:\/\/www.fastcarshop.com\/shop\/porsche-carrera\/porsche-carrera-997\/bouchon-dessence\/#breadcrumb"},"inLanguage":"de","potentialAction":[{"@type":"ReadAction","target":["https:\/\/www.fastcarshop.com\/shop\/porsche-carrera\/porsche-carrera-997\/bouchon-dessence\/"]}]},{"@type":"ImageObject","inLanguage":"de","@id":"https:\/\/www.fastcarshop.com\/shop\/porsche-carrera\/porsche-carrera-997\/bouchon-dessence\/#primaryimage","url":"https:\/\/i0.wp.com\/www.fastcarshop.com\/wp-content\/uploads\/2020\/03\/987-997-Bouchon-dessence.jpg?fit=1024%2C768&ssl=1","contentUrl":"https:\/\/i0.wp.com\/www.fastcarshop.com\/wp-content\/uploads\/2020\/03\/987-997-Bouchon-dessence.jpg?fit=1024%2C768&ssl=1","width":1024,"height":768,"caption":"Bouchon d'essence"},{"@type":"BreadcrumbList","@id":"https:\/\/www.fastcarshop.com\/shop\/porsche-carrera\/porsche-carrera-997\/bouchon-dessence\/#breadcrumb","itemListElement":[{"@type":"ListItem","position":1,"name":"Startseite","item":"https:\/\/www.fastcarshop.com\/de\/"},{"@type":"ListItem","position":2,"name":"Fahrzeugseite","item":"https:\/\/www.fastcarshop.com\/de\/fahrzeugseite\/"},{"@type":"ListItem","position":3,"name":"Bouchon d&rsquo;essence"}]},{"@type":"WebSite","@id":"https:\/\/www.fastcarshop.com\/#website","url":"https:\/\/www.fastcarshop.com\/","name":"FAST CAR SHOP - Sp\u00e9cialiste Pi\u00e8ces Porsche d&#039;occasion","description":"FAST CAR SHOP - Ihr europ\u00e4ischer Porsche Ersatzteilspezialist","publisher":{"@id":"https:\/\/www.fastcarshop.com\/#organization"},"potentialAction":[{"@type":"SearchAction","target":{"@type":"EntryPoint","urlTemplate":"https:\/\/www.fastcarshop.com\/?s={search_term_string}"},"query-input":{"@type":"PropertyValueSpecification","valueRequired":true,"valueName":"search_term_string"}}],"inLanguage":"de"},{"@type":"Organization","@id":"https:\/\/www.fastcarshop.com\/#organization","name":"FAST CAR SHOP","url":"https:\/\/www.fastcarshop.com\/","logo":{"@type":"ImageObject","inLanguage":"de","@id":"https:\/\/www.fastcarshop.com\/#\/schema\/logo\/image\/","url":"https:\/\/i0.wp.com\/www.fastcarshop.com\/wp-content\/uploads\/2019\/09\/FCS-Badge-Facebook-180x180px-1.png?fit=180%2C180&ssl=1","contentUrl":"https:\/\/i0.wp.com\/www.fastcarshop.com\/wp-content\/uploads\/2019\/09\/FCS-Badge-Facebook-180x180px-1.png?fit=180%2C180&ssl=1","width":180,"height":180,"caption":"FAST CAR SHOP"},"image":{"@id":"https:\/\/www.fastcarshop.com\/#\/schema\/logo\/image\/"},"sameAs":["https:\/\/www.facebook.com\/FastCarShopPorsche\/","https:\/\/www.linkedin.com\/company\/20566238"]}]}},"jetpack_sharing_enabled":true,"_links":{"self":[{"href":"https:\/\/www.fastcarshop.com\/de\/wp-json\/wp\/v2\/product\/9814","targetHints":{"allow":["GET"]}}],"collection":[{"href":"https:\/\/www.fastcarshop.com\/de\/wp-json\/wp\/v2\/product"}],"about":[{"href":"https:\/\/www.fastcarshop.com\/de\/wp-json\/wp\/v2\/types\/product"}],"replies":[{"embeddable":true,"href":"https:\/\/www.fastcarshop.com\/de\/wp-json\/wp\/v2\/comments?post=9814"}],"wp:featuredmedia":[{"embeddable":true,"href":"https:\/\/www.fastcarshop.com\/de\/wp-json\/wp\/v2\/media\/9507"}],"wp:attachment":[{"href":"https:\/\/www.fastcarshop.com\/de\/wp-json\/wp\/v2\/media?parent=9814"}],"wp:term":[{"taxonomy":"product_brand","embeddable":true,"href":"https:\/\/www.fastcarshop.com\/de\/wp-json\/wp\/v2\/product_brand?post=9814"},{"taxonomy":"product_cat","embeddable":true,"href":"https:\/\/www.fastcarshop.com\/de\/wp-json\/wp\/v2\/product_cat?post=9814"},{"taxonomy":"product_tag","embeddable":true,"href":"https:\/\/www.fastcarshop.com\/de\/wp-json\/wp\/v2\/product_tag?post=9814"}],"curies":[{"name":"wp","href":"https:\/\/api.w.org\/{rel}","templated":true}]}}