{"id":39209,"date":"2025-05-02T14:52:17","date_gmt":"2025-05-02T14:52:17","guid":{"rendered":"https:\/\/www.fastcarshop.com\/?post_type=product&#038;p=39209"},"modified":"2025-05-02T14:56:04","modified_gmt":"2025-05-02T14:56:04","slug":"bloc-moteur-embielle-neuf-m96-05-36l-echange-standard","status":"publish","type":"product","link":"https:\/\/www.fastcarshop.com\/de\/shop\/porsche-carrera-de\/porsche-carrera-997-de\/bloc-moteur-embielle-neuf-m96-05-36l-echange-standard\/","title":{"rendered":"Bloc moteur embiell\u00e9 neuf M96.05 3,6L (\u00e9change standard)"},"content":{"rendered":"<h5>Bloc embiell\u00e9 refait \u00e0 neuf et fiabilis\u00e9 (r\u00e9sout le probl\u00e8me des cylindres qui rayent sur les moteurs d&#8217;origine et du roulement IMS). Vendu en \u00e9change standard M96.05 de 3,6L pour Porsche Carrera 997 C2\/C4 3.6L Phase 1 mont\u00e9 entre 2005 et 2008. Puissance : 325ch.<\/h5>\n<h5>INCLUS DANS LE TARIF :<\/h5>\n<ul>\n<li>\n<h5>Contr\u00f4le du vilebrequin et de la pompe \u00e0 huile<\/h5>\n<\/li>\n<li>\n<h5>Al\u00e9sage des blocs puis re-chemisage des 6 cylindres en fonte (<span style=\"text-decoration: underline;\">Fiabilisation moteur<\/span>)<\/h5>\n<\/li>\n<li>\n<h5>Les 6 pistons forg\u00e9s (<span style=\"text-decoration: underline;\">Meilleure r\u00e9sistance<\/span>)<\/h5>\n<\/li>\n<li>\n<h5>Les 6 jeux de segments<\/h5>\n<\/li>\n<li>\n<h5>Coussinets de bielles, coussinets de paliers et cales<\/h5>\n<\/li>\n<li>\n<h5>L&#8217;ensemble des joints bas moteur<\/h5>\n<\/li>\n<li>\n<h5>L&#8217;ensemble des chaines de distribution<\/h5>\n<\/li>\n<li>\n<h5>L&#8217;ensemble des guides de chaine<\/h5>\n<\/li>\n<li>\n<h5>Le tendeur de chaine de vilebrequin<\/h5>\n<\/li>\n<li>\n<h5>Installation d&#8217;un roulement IMS renforc\u00e9 \u00e0 rouleaux (<span style=\"text-decoration: underline;\">Fiabilisation moteur<\/span>)<\/h5>\n<\/li>\n<li>\n<h5>Vis de cage de vilebrequin, vis de bielle<\/h5>\n<\/li>\n<li>\n<h5>Surfa\u00e7age des blocs moteur<\/h5>\n<\/li>\n<li>\n<h5>Nettoyage et d\u00e9pollution de l&#8217;ensemble des \u00e9l\u00e9ments<\/h5>\n<\/li>\n<\/ul>\n<h5>EN OPTION :<\/h5>\n<ul>\n<li>\n<h5>Carter d&#8217;huile cloisonn\u00e9 anti-d\u00e9jaugeage avec capacit\u00e9 d&#8217;huile augment\u00e9e de +0,6L (\u00e9vite de d\u00e9jauger dans les virages et\/ou en conduite plus sportive) (+590\u20ac)<\/h5>\n<\/li>\n<li>\n<h5>Bielles forg\u00e9es (meilleure r\u00e9sistance contre la casse en conduite sportive) (+1890\u20ac)<\/h5>\n<\/li>\n<\/ul>\n<h5>GARANTIE :<\/h5>\n<ul>\n<li>\n<h5>6 mois si exp\u00e9di\u00e9<\/h5>\n<\/li>\n<li>\n<h5>1 an si mont\u00e9 dans nos ateliers<\/h5>\n<\/li>\n<\/ul>\n<h5>Conditions g\u00e9n\u00e9rales de vente :<br \/>\nUn surcout sera appliqu\u00e9 si un ou plusieurs \u00e9l\u00e9ments sont inexploitables tels que le vilebrequin (+2699\u20ac) ou le bloc moteur (+3199\u20ac). En cas d&#8217;\u00e9change standard une caution de 6000\u20ac est \u00e0 rajouter au tarif affich\u00e9. Cette caution est int\u00e9gralement ou partiellement rembours\u00e9e (en fonction des d\u00e9g\u00e2ts constat\u00e9s \u00e0 l&#8217;ouverture de celui-ci) une fois l&#8217;ancien moteur re\u00e7u et ouvert dans nos ateliers. En cas de r\u00e9alisation d&#8217;un moteur &#8222;matching number&#8220;, le tarif est calcul\u00e9 directement apr\u00e8s l&#8217;ouverture du bloc embiell\u00e9 \u00e0 refaire, selon les m\u00eames conditions tarifaires. Dans le cas o\u00f9 l&#8217;ancien bloc embiell\u00e9 n&#8217;est pas restitu\u00e9 (volontairement ou car il n&#8217;existe pas), la caution est gard\u00e9e dans son int\u00e9gralit\u00e9. Le transport aller\/retour est \u00e0 la charge du client.<\/h5>\n<h5>Les tarifs affich\u00e9s s&#8217;entendent TTC.<\/h5>\n","protected":false},"excerpt":{"rendered":"<p>Bloc embiell\u00e9 refait \u00e0 neuf et fiabilis\u00e9 (r\u00e9sout le probl\u00e8me des cylindres qui rayent sur les moteurs d&#8217;origine et du roulement IMS). Vendu en \u00e9change standard M96.05 de 3,6L pour Porsche Carrera 997 C2\/C4 3.6L Phase 1 mont\u00e9 entre 2005 et 2008. Puissance : 325ch.<\/p>\n","protected":false},"featured_media":39118,"comment_status":"open","ping_status":"closed","template":"","meta":{"ocean_post_layout":"","ocean_both_sidebars_style":"","ocean_both_sidebars_content_width":0,"ocean_both_sidebars_sidebars_width":0,"ocean_sidebar":"0","ocean_second_sidebar":"0","ocean_disable_margins":"enable","ocean_add_body_class":"","ocean_shortcode_before_top_bar":"","ocean_shortcode_after_top_bar":"","ocean_shortcode_before_header":"","ocean_shortcode_after_header":"","ocean_has_shortcode":"","ocean_shortcode_after_title":"","ocean_shortcode_before_footer_widgets":"","ocean_shortcode_after_footer_widgets":"","ocean_shortcode_before_footer_bottom":"","ocean_shortcode_after_footer_bottom":"","ocean_display_top_bar":"default","ocean_display_header":"default","ocean_header_style":"","ocean_center_header_left_menu":"0","ocean_custom_header_template":"0","ocean_custom_logo":0,"ocean_custom_retina_logo":0,"ocean_custom_logo_max_width":0,"ocean_custom_logo_tablet_max_width":0,"ocean_custom_logo_mobile_max_width":0,"ocean_custom_logo_max_height":0,"ocean_custom_logo_tablet_max_height":0,"ocean_custom_logo_mobile_max_height":0,"ocean_header_custom_menu":"0","ocean_menu_typo_font_family":"0","ocean_menu_typo_font_subset":"","ocean_menu_typo_font_size":0,"ocean_menu_typo_font_size_tablet":0,"ocean_menu_typo_font_size_mobile":0,"ocean_menu_typo_font_size_unit":"px","ocean_menu_typo_font_weight":"","ocean_menu_typo_font_weight_tablet":"","ocean_menu_typo_font_weight_mobile":"","ocean_menu_typo_transform":"","ocean_menu_typo_transform_tablet":"","ocean_menu_typo_transform_mobile":"","ocean_menu_typo_line_height":0,"ocean_menu_typo_line_height_tablet":0,"ocean_menu_typo_line_height_mobile":0,"ocean_menu_typo_line_height_unit":"","ocean_menu_typo_spacing":0,"ocean_menu_typo_spacing_tablet":0,"ocean_menu_typo_spacing_mobile":0,"ocean_menu_typo_spacing_unit":"","ocean_menu_link_color":"","ocean_menu_link_color_hover":"","ocean_menu_link_color_active":"","ocean_menu_link_background":"","ocean_menu_link_hover_background":"","ocean_menu_link_active_background":"","ocean_menu_social_links_bg":"","ocean_menu_social_hover_links_bg":"","ocean_menu_social_links_color":"","ocean_menu_social_hover_links_color":"","ocean_disable_title":"default","ocean_disable_heading":"default","ocean_post_title":"","ocean_post_subheading":"","ocean_post_title_style":"","ocean_post_title_background_color":"","ocean_post_title_background":0,"ocean_post_title_bg_image_position":"","ocean_post_title_bg_image_attachment":"","ocean_post_title_bg_image_repeat":"","ocean_post_title_bg_image_size":"","ocean_post_title_height":0,"ocean_post_title_bg_overlay":0.5,"ocean_post_title_bg_overlay_color":"","ocean_disable_breadcrumbs":"default","ocean_breadcrumbs_color":"","ocean_breadcrumbs_separator_color":"","ocean_breadcrumbs_links_color":"","ocean_breadcrumbs_links_hover_color":"","ocean_display_footer_widgets":"default","ocean_display_footer_bottom":"default","ocean_custom_footer_template":"0"},"product_brand":[],"product_cat":[987,34,108,167],"product_tag":[],"class_list":{"0":"post-39209","1":"product","2":"type-product","3":"status-publish","4":"has-post-thumbnail","6":"product_cat-porsche-carrera","7":"product_cat-porsche-carrera-997","8":"product_cat-moteur-997","9":"product_cat-moteur-complet-997","11":"entry","12":"has-media","14":"first","15":"instock","16":"taxable","17":"shipping-taxable","18":"purchasable","19":"product-type-simple","20":"has-product-nav","21":"col","22":"span_1_of_5","23":"owp-content-center","24":"owp-thumbs-layout-horizontal","25":"owp-btn-normal","26":"owp-tabs-layout-horizontal"},"yoast_head":"<!-- This site is optimized with the Yoast SEO plugin v26.9 - https:\/\/yoast.com\/product\/yoast-seo-wordpress\/ -->\n<title>Bloc moteur embiell\u00e9 neuf M96.05 3,6L (\u00e9change standard) - 997<\/title>\n<meta name=\"description\" content=\"Bloc embiell\u00e9 refait \u00e0 neuf et fiabilis\u00e9. \u00c9change standard M96.05 de 3,6L Porsche 997 Carrera C2\/C4 3.6L Phase 1 entre 2005 et 2008. Puissance : 325ch.\" \/>\n<meta name=\"robots\" content=\"index, follow, max-snippet:-1, max-image-preview:large, max-video-preview:-1\" \/>\n<link rel=\"canonical\" href=\"https:\/\/www.fastcarshop.com\/es\/shop\/porsche-carrera\/porsche-carrera-997\/bloc-moteur-embielle-neuf-m96-05-36l-echange-standard\/\" \/>\n<meta property=\"og:locale\" content=\"de_DE\" \/>\n<meta property=\"og:type\" content=\"article\" \/>\n<meta property=\"og:title\" content=\"Bloc moteur embiell\u00e9 neuf M96.05 3,6L (\u00e9change standard) - 997\" \/>\n<meta property=\"og:description\" content=\"Bloc embiell\u00e9 refait \u00e0 neuf et fiabilis\u00e9. \u00c9change standard M96.05 de 3,6L Porsche 997 Carrera C2\/C4 3.6L Phase 1 entre 2005 et 2008. Puissance : 325ch.\" \/>\n<meta property=\"og:url\" content=\"https:\/\/www.fastcarshop.com\/es\/shop\/porsche-carrera\/porsche-carrera-997\/bloc-moteur-embielle-neuf-m96-05-36l-echange-standard\/\" \/>\n<meta property=\"og:site_name\" content=\"FAST CAR SHOP - Spezialist f\u00fcr Porsche-Teile\" \/>\n<meta property=\"article:publisher\" content=\"https:\/\/www.facebook.com\/FastCarShopPorsche\/\" \/>\n<meta property=\"article:modified_time\" content=\"2025-05-02T14:56:04+00:00\" \/>\n<meta property=\"og:image\" content=\"https:\/\/i0.wp.com\/www.fastcarshop.com\/wp-content\/uploads\/2025\/03\/Bloc-embielle-1.jpg?fit=1024%2C768&ssl=1\" \/>\n\t<meta property=\"og:image:width\" content=\"1024\" \/>\n\t<meta property=\"og:image:height\" content=\"768\" \/>\n\t<meta property=\"og:image:type\" content=\"image\/jpeg\" \/>\n<meta name=\"twitter:card\" content=\"summary_large_image\" \/>\n<meta name=\"twitter:label1\" content=\"Gesch\u00e4tzte Lesezeit\" \/>\n\t<meta name=\"twitter:data1\" content=\"2\u00a0Minuten\" \/>\n<script type=\"application\/ld+json\" class=\"yoast-schema-graph\">{\"@context\":\"https:\/\/schema.org\",\"@graph\":[{\"@type\":\"WebPage\",\"@id\":\"https:\/\/www.fastcarshop.com\/es\/shop\/porsche-carrera\/porsche-carrera-997\/bloc-moteur-embielle-neuf-m96-05-36l-echange-standard\/\",\"url\":\"https:\/\/www.fastcarshop.com\/es\/shop\/porsche-carrera\/porsche-carrera-997\/bloc-moteur-embielle-neuf-m96-05-36l-echange-standard\/\",\"name\":\"Bloc moteur embiell\u00e9 neuf M96.05 3,6L (\u00e9change standard) - 997\",\"isPartOf\":{\"@id\":\"https:\/\/www.fastcarshop.com\/#website\"},\"primaryImageOfPage\":{\"@id\":\"https:\/\/www.fastcarshop.com\/es\/shop\/porsche-carrera\/porsche-carrera-997\/bloc-moteur-embielle-neuf-m96-05-36l-echange-standard\/#primaryimage\"},\"image\":{\"@id\":\"https:\/\/www.fastcarshop.com\/es\/shop\/porsche-carrera\/porsche-carrera-997\/bloc-moteur-embielle-neuf-m96-05-36l-echange-standard\/#primaryimage\"},\"thumbnailUrl\":\"https:\/\/i0.wp.com\/www.fastcarshop.com\/wp-content\/uploads\/2025\/03\/Bloc-embielle-1.jpg?fit=1024%2C768&ssl=1\",\"datePublished\":\"2025-05-02T14:52:17+00:00\",\"dateModified\":\"2025-05-02T14:56:04+00:00\",\"description\":\"Bloc embiell\u00e9 refait \u00e0 neuf et fiabilis\u00e9. \u00c9change standard M96.05 de 3,6L Porsche 997 Carrera C2\/C4 3.6L Phase 1 entre 2005 et 2008. Puissance : 325ch.\",\"breadcrumb\":{\"@id\":\"https:\/\/www.fastcarshop.com\/es\/shop\/porsche-carrera\/porsche-carrera-997\/bloc-moteur-embielle-neuf-m96-05-36l-echange-standard\/#breadcrumb\"},\"inLanguage\":\"de\",\"potentialAction\":[{\"@type\":\"ReadAction\",\"target\":[\"https:\/\/www.fastcarshop.com\/es\/shop\/porsche-carrera\/porsche-carrera-997\/bloc-moteur-embielle-neuf-m96-05-36l-echange-standard\/\"]}]},{\"@type\":\"ImageObject\",\"inLanguage\":\"de\",\"@id\":\"https:\/\/www.fastcarshop.com\/es\/shop\/porsche-carrera\/porsche-carrera-997\/bloc-moteur-embielle-neuf-m96-05-36l-echange-standard\/#primaryimage\",\"url\":\"https:\/\/i0.wp.com\/www.fastcarshop.com\/wp-content\/uploads\/2025\/03\/Bloc-embielle-1.jpg?fit=1024%2C768&ssl=1\",\"contentUrl\":\"https:\/\/i0.wp.com\/www.fastcarshop.com\/wp-content\/uploads\/2025\/03\/Bloc-embielle-1.jpg?fit=1024%2C768&ssl=1\",\"width\":1024,\"height\":768,\"caption\":\"Bloc embielle 1\"},{\"@type\":\"BreadcrumbList\",\"@id\":\"https:\/\/www.fastcarshop.com\/es\/shop\/porsche-carrera\/porsche-carrera-997\/bloc-moteur-embielle-neuf-m96-05-36l-echange-standard\/#breadcrumb\",\"itemListElement\":[{\"@type\":\"ListItem\",\"position\":1,\"name\":\"Startseite\",\"item\":\"https:\/\/www.fastcarshop.com\/de\/\"},{\"@type\":\"ListItem\",\"position\":2,\"name\":\"Fahrzeugseite\",\"item\":\"https:\/\/www.fastcarshop.com\/de\/fahrzeugseite\/\"},{\"@type\":\"ListItem\",\"position\":3,\"name\":\"Bloc moteur embiell\u00e9 neuf M96.05 3,6L (\u00e9change standard)\"}]},{\"@type\":\"WebSite\",\"@id\":\"https:\/\/www.fastcarshop.com\/#website\",\"url\":\"https:\/\/www.fastcarshop.com\/\",\"name\":\"FAST CAR SHOP - Sp\u00e9cialiste Pi\u00e8ces Porsche d&#039;occasion\",\"description\":\"FAST CAR SHOP - Ihr europ\u00e4ischer Porsche Ersatzteilspezialist\",\"publisher\":{\"@id\":\"https:\/\/www.fastcarshop.com\/#organization\"},\"potentialAction\":[{\"@type\":\"SearchAction\",\"target\":{\"@type\":\"EntryPoint\",\"urlTemplate\":\"https:\/\/www.fastcarshop.com\/?s={search_term_string}\"},\"query-input\":{\"@type\":\"PropertyValueSpecification\",\"valueRequired\":true,\"valueName\":\"search_term_string\"}}],\"inLanguage\":\"de\"},{\"@type\":\"Organization\",\"@id\":\"https:\/\/www.fastcarshop.com\/#organization\",\"name\":\"FAST CAR SHOP\",\"url\":\"https:\/\/www.fastcarshop.com\/\",\"logo\":{\"@type\":\"ImageObject\",\"inLanguage\":\"de\",\"@id\":\"https:\/\/www.fastcarshop.com\/#\/schema\/logo\/image\/\",\"url\":\"https:\/\/i0.wp.com\/www.fastcarshop.com\/wp-content\/uploads\/2019\/09\/FCS-Badge-Facebook-180x180px-1.png?fit=180%2C180&ssl=1\",\"contentUrl\":\"https:\/\/i0.wp.com\/www.fastcarshop.com\/wp-content\/uploads\/2019\/09\/FCS-Badge-Facebook-180x180px-1.png?fit=180%2C180&ssl=1\",\"width\":180,\"height\":180,\"caption\":\"FAST CAR SHOP\"},\"image\":{\"@id\":\"https:\/\/www.fastcarshop.com\/#\/schema\/logo\/image\/\"},\"sameAs\":[\"https:\/\/www.facebook.com\/FastCarShopPorsche\/\",\"https:\/\/www.linkedin.com\/company\/20566238\"]}]}<\/script>\n<!-- \/ Yoast SEO plugin. -->","yoast_head_json":{"title":"Bloc moteur embiell\u00e9 neuf M96.05 3,6L (\u00e9change standard) - 997","description":"Bloc embiell\u00e9 refait \u00e0 neuf et fiabilis\u00e9. \u00c9change standard M96.05 de 3,6L Porsche 997 Carrera C2\/C4 3.6L Phase 1 entre 2005 et 2008. Puissance : 325ch.","robots":{"index":"index","follow":"follow","max-snippet":"max-snippet:-1","max-image-preview":"max-image-preview:large","max-video-preview":"max-video-preview:-1"},"canonical":"https:\/\/www.fastcarshop.com\/es\/shop\/porsche-carrera\/porsche-carrera-997\/bloc-moteur-embielle-neuf-m96-05-36l-echange-standard\/","og_locale":"de_DE","og_type":"article","og_title":"Bloc moteur embiell\u00e9 neuf M96.05 3,6L (\u00e9change standard) - 997","og_description":"Bloc embiell\u00e9 refait \u00e0 neuf et fiabilis\u00e9. \u00c9change standard M96.05 de 3,6L Porsche 997 Carrera C2\/C4 3.6L Phase 1 entre 2005 et 2008. Puissance : 325ch.","og_url":"https:\/\/www.fastcarshop.com\/es\/shop\/porsche-carrera\/porsche-carrera-997\/bloc-moteur-embielle-neuf-m96-05-36l-echange-standard\/","og_site_name":"FAST CAR SHOP - Spezialist f\u00fcr Porsche-Teile","article_publisher":"https:\/\/www.facebook.com\/FastCarShopPorsche\/","article_modified_time":"2025-05-02T14:56:04+00:00","og_image":[{"width":1024,"height":768,"url":"https:\/\/i0.wp.com\/www.fastcarshop.com\/wp-content\/uploads\/2025\/03\/Bloc-embielle-1.jpg?fit=1024%2C768&ssl=1","type":"image\/jpeg"}],"twitter_card":"summary_large_image","twitter_misc":{"Gesch\u00e4tzte Lesezeit":"2\u00a0Minuten"},"schema":{"@context":"https:\/\/schema.org","@graph":[{"@type":"WebPage","@id":"https:\/\/www.fastcarshop.com\/es\/shop\/porsche-carrera\/porsche-carrera-997\/bloc-moteur-embielle-neuf-m96-05-36l-echange-standard\/","url":"https:\/\/www.fastcarshop.com\/es\/shop\/porsche-carrera\/porsche-carrera-997\/bloc-moteur-embielle-neuf-m96-05-36l-echange-standard\/","name":"Bloc moteur embiell\u00e9 neuf M96.05 3,6L (\u00e9change standard) - 997","isPartOf":{"@id":"https:\/\/www.fastcarshop.com\/#website"},"primaryImageOfPage":{"@id":"https:\/\/www.fastcarshop.com\/es\/shop\/porsche-carrera\/porsche-carrera-997\/bloc-moteur-embielle-neuf-m96-05-36l-echange-standard\/#primaryimage"},"image":{"@id":"https:\/\/www.fastcarshop.com\/es\/shop\/porsche-carrera\/porsche-carrera-997\/bloc-moteur-embielle-neuf-m96-05-36l-echange-standard\/#primaryimage"},"thumbnailUrl":"https:\/\/i0.wp.com\/www.fastcarshop.com\/wp-content\/uploads\/2025\/03\/Bloc-embielle-1.jpg?fit=1024%2C768&ssl=1","datePublished":"2025-05-02T14:52:17+00:00","dateModified":"2025-05-02T14:56:04+00:00","description":"Bloc embiell\u00e9 refait \u00e0 neuf et fiabilis\u00e9. \u00c9change standard M96.05 de 3,6L Porsche 997 Carrera C2\/C4 3.6L Phase 1 entre 2005 et 2008. Puissance : 325ch.","breadcrumb":{"@id":"https:\/\/www.fastcarshop.com\/es\/shop\/porsche-carrera\/porsche-carrera-997\/bloc-moteur-embielle-neuf-m96-05-36l-echange-standard\/#breadcrumb"},"inLanguage":"de","potentialAction":[{"@type":"ReadAction","target":["https:\/\/www.fastcarshop.com\/es\/shop\/porsche-carrera\/porsche-carrera-997\/bloc-moteur-embielle-neuf-m96-05-36l-echange-standard\/"]}]},{"@type":"ImageObject","inLanguage":"de","@id":"https:\/\/www.fastcarshop.com\/es\/shop\/porsche-carrera\/porsche-carrera-997\/bloc-moteur-embielle-neuf-m96-05-36l-echange-standard\/#primaryimage","url":"https:\/\/i0.wp.com\/www.fastcarshop.com\/wp-content\/uploads\/2025\/03\/Bloc-embielle-1.jpg?fit=1024%2C768&ssl=1","contentUrl":"https:\/\/i0.wp.com\/www.fastcarshop.com\/wp-content\/uploads\/2025\/03\/Bloc-embielle-1.jpg?fit=1024%2C768&ssl=1","width":1024,"height":768,"caption":"Bloc embielle 1"},{"@type":"BreadcrumbList","@id":"https:\/\/www.fastcarshop.com\/es\/shop\/porsche-carrera\/porsche-carrera-997\/bloc-moteur-embielle-neuf-m96-05-36l-echange-standard\/#breadcrumb","itemListElement":[{"@type":"ListItem","position":1,"name":"Startseite","item":"https:\/\/www.fastcarshop.com\/de\/"},{"@type":"ListItem","position":2,"name":"Fahrzeugseite","item":"https:\/\/www.fastcarshop.com\/de\/fahrzeugseite\/"},{"@type":"ListItem","position":3,"name":"Bloc moteur embiell\u00e9 neuf M96.05 3,6L (\u00e9change standard)"}]},{"@type":"WebSite","@id":"https:\/\/www.fastcarshop.com\/#website","url":"https:\/\/www.fastcarshop.com\/","name":"FAST CAR SHOP - Sp\u00e9cialiste Pi\u00e8ces Porsche d&#039;occasion","description":"FAST CAR SHOP - Ihr europ\u00e4ischer Porsche Ersatzteilspezialist","publisher":{"@id":"https:\/\/www.fastcarshop.com\/#organization"},"potentialAction":[{"@type":"SearchAction","target":{"@type":"EntryPoint","urlTemplate":"https:\/\/www.fastcarshop.com\/?s={search_term_string}"},"query-input":{"@type":"PropertyValueSpecification","valueRequired":true,"valueName":"search_term_string"}}],"inLanguage":"de"},{"@type":"Organization","@id":"https:\/\/www.fastcarshop.com\/#organization","name":"FAST CAR SHOP","url":"https:\/\/www.fastcarshop.com\/","logo":{"@type":"ImageObject","inLanguage":"de","@id":"https:\/\/www.fastcarshop.com\/#\/schema\/logo\/image\/","url":"https:\/\/i0.wp.com\/www.fastcarshop.com\/wp-content\/uploads\/2019\/09\/FCS-Badge-Facebook-180x180px-1.png?fit=180%2C180&ssl=1","contentUrl":"https:\/\/i0.wp.com\/www.fastcarshop.com\/wp-content\/uploads\/2019\/09\/FCS-Badge-Facebook-180x180px-1.png?fit=180%2C180&ssl=1","width":180,"height":180,"caption":"FAST CAR SHOP"},"image":{"@id":"https:\/\/www.fastcarshop.com\/#\/schema\/logo\/image\/"},"sameAs":["https:\/\/www.facebook.com\/FastCarShopPorsche\/","https:\/\/www.linkedin.com\/company\/20566238"]}]}},"jetpack_sharing_enabled":true,"_links":{"self":[{"href":"https:\/\/www.fastcarshop.com\/de\/wp-json\/wp\/v2\/product\/39209","targetHints":{"allow":["GET"]}}],"collection":[{"href":"https:\/\/www.fastcarshop.com\/de\/wp-json\/wp\/v2\/product"}],"about":[{"href":"https:\/\/www.fastcarshop.com\/de\/wp-json\/wp\/v2\/types\/product"}],"replies":[{"embeddable":true,"href":"https:\/\/www.fastcarshop.com\/de\/wp-json\/wp\/v2\/comments?post=39209"}],"wp:featuredmedia":[{"embeddable":true,"href":"https:\/\/www.fastcarshop.com\/de\/wp-json\/wp\/v2\/media\/39118"}],"wp:attachment":[{"href":"https:\/\/www.fastcarshop.com\/de\/wp-json\/wp\/v2\/media?parent=39209"}],"wp:term":[{"taxonomy":"product_brand","embeddable":true,"href":"https:\/\/www.fastcarshop.com\/de\/wp-json\/wp\/v2\/product_brand?post=39209"},{"taxonomy":"product_cat","embeddable":true,"href":"https:\/\/www.fastcarshop.com\/de\/wp-json\/wp\/v2\/product_cat?post=39209"},{"taxonomy":"product_tag","embeddable":true,"href":"https:\/\/www.fastcarshop.com\/de\/wp-json\/wp\/v2\/product_tag?post=39209"}],"curies":[{"name":"wp","href":"https:\/\/api.w.org\/{rel}","templated":true}]}}