{"id":38015,"date":"2024-07-29T16:36:04","date_gmt":"2024-07-29T16:36:04","guid":{"rendered":"https:\/\/www.fastcarshop.com\/?post_type=product&#038;p=38015"},"modified":"2025-01-10T09:55:36","modified_gmt":"2025-01-10T09:55:36","slug":"ueberholter-motor-m96-02-3-4l-austauschstandard","status":"publish","type":"product","link":"https:\/\/www.fastcarshop.com\/de\/shop\/porsche-carrera-de\/porsche-carrera-996-de\/ueberholter-motor-m96-02-3-4l-austauschstandard\/","title":{"rendered":"\u00dcberholter Motor M96.02 3.4L (Austauschstandard)"},"content":{"rendered":"<h5>Komplett \u00fcberholter Motor, verkauft im Austauschstandard M96.02 mit 3,4L f\u00fcr Porsche 996 Carrera C4 3.4L Phase 1, eingebaut zwischen 1997 und 2000. Leistung: 300PS.<\/h5>\n<h5>IM PREIS INBEGRIFFEN:<\/h5>\n<ul>\n<li>\n<h5>Kontrolle der Kurbelwelle, der Bl\u00f6cke, der \u00d6lpumpe und Pr\u00fcfung der Zylinderk\u00f6pfe<\/h5>\n<\/li>\n<li>\n<h5>Bohrung der Bl\u00f6cke und erneutes Einschalen der 6 Gusszylinder (<span style=\"text-decoration: underline\">Motorzuverl\u00e4ssigkeit verbessern<\/span>)<\/h5>\n<\/li>\n<li>\n<h5>Ventilschaftdichtungen<\/h5>\n<\/li>\n<li>\n<h5>Ventilschleifen (Ventilseite und dann Kopfseite)<\/h5>\n<\/li>\n<li>\n<h5>Planen der Zylinderk\u00f6pfe und Motorbl\u00f6cke<\/h5>\n<\/li>\n<li>\n<h5>Alle Motordichtungen und Zylinderkopfdichtungen<\/h5>\n<\/li>\n<li>\n<h5>Pleuellager, Hauptlager und Unterlegscheiben<\/h5>\n<\/li>\n<li>\n<h5>\u00d6lr\u00fccklaufpumpen f\u00fcr Seite 1-3 und Seite 4-6<\/h5>\n<\/li>\n<li>\n<h5>Alle Steuerketten<\/h5>\n<\/li>\n<li>\n<h5>Alle Kettenschienen<\/h5>\n<\/li>\n<li>\n<h5>Die 3 Kettenspanner<\/h5>\n<\/li>\n<li>\n<h5>Einbau eines verst\u00e4rkten IMS-Rollenk\u00e4figs (<span style=\"text-decoration: underline\">Motorzuverl\u00e4ssigkeit verbessern<\/span>)<\/h5>\n<\/li>\n<li>\n<h5>Die 6 S\u00e4tze Kolbenringe<\/h5>\n<\/li>\n<li>\n<h5>Zylinderkopfschrauben, Kurbelwellenlagerk\u00e4figschrauben, Pleuelschrauben<\/h5>\n<\/li>\n<li>\n<h5>Reinigung und Entgiftung aller Komponenten<\/h5>\n<\/li>\n<\/ul>\n<h5>OPTIONAL:<\/h5>\n<ul>\n<li>\n<h5>\u00d6lwanne mit Trennwand gegen \u00d6lmangel, erh\u00f6hte \u00d6lkapazit\u00e4t um +0,6L (verhindert \u00d6labsaugen in Kurven und\/oder bei sportlicherer Fahrweise) (+590\u20ac)<\/h5>\n<\/li>\n<li>\n<h5>Schmiedekolben (bessere Widerstandsf\u00e4higkeit gegen Bruch bei sportlicher Fahrweise) (+1590\u20ac)<\/h5>\n<\/li>\n<li>\n<h5>Schmiedekolben (bessere Widerstandsf\u00e4higkeit gegen Bruch bei sportlicher Fahrweise) (+2490\u20ac)<\/h5>\n<\/li>\n<\/ul>\n<h5>GARANTIE:<\/h5>\n<ul>\n<li>\n<h5>6 Monate bei Versand<\/h5>\n<\/li>\n<li>\n<h5>1 Jahr bei Montage in unseren Werkst\u00e4tten (+2290\u20ac einschlie\u00dflich \u00dcberholung)<\/h5>\n<\/li>\n<\/ul>\n<h5>Der angezeigte Preis gilt f\u00fcr F\u00e4lle mit verkratzten Zylindern. Ein Aufpreis wird erhoben, wenn ein oder mehrere Teile unbrauchbar sind, wie z.B. die Kurbelwelle (+1699\u20ac), der Motorblock (+2299\u20ac) oder ein Zylinderkopf (+1549\u20ac). Im Falle eines Austauschs ist eine Kaution von 6000\u20ac zum angezeigten Preis hinzuzuf\u00fcgen. Diese Kaution wird vollst\u00e4ndig oder teilweise zur\u00fcckerstattet (abh\u00e4ngig von den bei der \u00d6ffnung festgestellten Sch\u00e4den), sobald der alte Motor in unseren Werkst\u00e4tten erhalten und ge\u00f6ffnet wurde. Bei einer \u201cMatching Number\u201d-Motorrestaurierung wird der Preis direkt nach \u00d6ffnung des zu restaurierenden Motors berechnet, unter denselben Preisbedingungen. Wenn der alte Motor nicht zur\u00fcckgegeben wird (absichtlich oder weil er nicht existiert), wird die Kaution vollst\u00e4ndig einbehalten.<\/h5>\n<h5>Die angegebenen Preise verstehen sich inkl. MwSt.<\/h5>\n","protected":false},"excerpt":{"rendered":"<p>Komplett \u00fcberholter Motor, verkauft im Austauschstandard M96.02 mit 3,4L f\u00fcr Porsche 996 Carrera C4 3.4L Phase 1, eingebaut zwischen 1997 und 2000. Leistung: 300PS.<\/p>\n<p>&nbsp;<\/p>\n","protected":false},"featured_media":37894,"comment_status":"open","ping_status":"closed","template":"","meta":{"ocean_post_layout":"","ocean_both_sidebars_style":"","ocean_both_sidebars_content_width":0,"ocean_both_sidebars_sidebars_width":0,"ocean_sidebar":"0","ocean_second_sidebar":"0","ocean_disable_margins":"enable","ocean_add_body_class":"","ocean_shortcode_before_top_bar":"","ocean_shortcode_after_top_bar":"","ocean_shortcode_before_header":"","ocean_shortcode_after_header":"","ocean_has_shortcode":"","ocean_shortcode_after_title":"","ocean_shortcode_before_footer_widgets":"","ocean_shortcode_after_footer_widgets":"","ocean_shortcode_before_footer_bottom":"","ocean_shortcode_after_footer_bottom":"","ocean_display_top_bar":"default","ocean_display_header":"default","ocean_header_style":"","ocean_center_header_left_menu":"0","ocean_custom_header_template":"0","ocean_custom_logo":0,"ocean_custom_retina_logo":0,"ocean_custom_logo_max_width":0,"ocean_custom_logo_tablet_max_width":0,"ocean_custom_logo_mobile_max_width":0,"ocean_custom_logo_max_height":0,"ocean_custom_logo_tablet_max_height":0,"ocean_custom_logo_mobile_max_height":0,"ocean_header_custom_menu":"0","ocean_menu_typo_font_family":"0","ocean_menu_typo_font_subset":"","ocean_menu_typo_font_size":0,"ocean_menu_typo_font_size_tablet":0,"ocean_menu_typo_font_size_mobile":0,"ocean_menu_typo_font_size_unit":"px","ocean_menu_typo_font_weight":"","ocean_menu_typo_font_weight_tablet":"","ocean_menu_typo_font_weight_mobile":"","ocean_menu_typo_transform":"","ocean_menu_typo_transform_tablet":"","ocean_menu_typo_transform_mobile":"","ocean_menu_typo_line_height":0,"ocean_menu_typo_line_height_tablet":0,"ocean_menu_typo_line_height_mobile":0,"ocean_menu_typo_line_height_unit":"","ocean_menu_typo_spacing":0,"ocean_menu_typo_spacing_tablet":0,"ocean_menu_typo_spacing_mobile":0,"ocean_menu_typo_spacing_unit":"","ocean_menu_link_color":"","ocean_menu_link_color_hover":"","ocean_menu_link_color_active":"","ocean_menu_link_background":"","ocean_menu_link_hover_background":"","ocean_menu_link_active_background":"","ocean_menu_social_links_bg":"","ocean_menu_social_hover_links_bg":"","ocean_menu_social_links_color":"","ocean_menu_social_hover_links_color":"","ocean_disable_title":"default","ocean_disable_heading":"default","ocean_post_title":"","ocean_post_subheading":"","ocean_post_title_style":"","ocean_post_title_background_color":"","ocean_post_title_background":0,"ocean_post_title_bg_image_position":"","ocean_post_title_bg_image_attachment":"","ocean_post_title_bg_image_repeat":"","ocean_post_title_bg_image_size":"","ocean_post_title_height":0,"ocean_post_title_bg_overlay":0.5,"ocean_post_title_bg_overlay_color":"","ocean_disable_breadcrumbs":"default","ocean_breadcrumbs_color":"","ocean_breadcrumbs_separator_color":"","ocean_breadcrumbs_links_color":"","ocean_breadcrumbs_links_hover_color":"","ocean_display_footer_widgets":"default","ocean_display_footer_bottom":"default","ocean_custom_footer_template":"0"},"product_brand":[],"product_cat":[883,884,1067,867],"product_tag":[],"class_list":{"0":"post-38015","1":"product","2":"type-product","3":"status-publish","4":"has-post-thumbnail","6":"product_cat-motor-996-de","7":"product_cat-motor-komplett-996","8":"product_cat-porsche-carrera-de","9":"product_cat-porsche-carrera-996-de","11":"entry","12":"has-media","14":"first","15":"instock","16":"taxable","17":"shipping-taxable","18":"purchasable","19":"product-type-simple","20":"has-product-nav","21":"col","22":"span_1_of_5","23":"owp-content-center","24":"owp-thumbs-layout-horizontal","25":"owp-btn-normal","26":"owp-tabs-layout-horizontal"},"yoast_head":"<!-- This site is optimized with the Yoast SEO plugin v26.9 - https:\/\/yoast.com\/product\/yoast-seo-wordpress\/ -->\n<title>\u00dcberholter Motor M96.02 3.4L - Porsche Carrera 996 - FCS<\/title>\n<meta name=\"description\" content=\"\u00dcberholter Motor M96.02 3.4L (Austauschstandard ) f\u00fcr Porsche 996 Carrera C4 3.4L Phase 1, eingebaut zwischen 1997 und 2000. Leistung: 300PS\" \/>\n<meta name=\"robots\" content=\"index, follow, max-snippet:-1, max-image-preview:large, max-video-preview:-1\" \/>\n<link rel=\"canonical\" href=\"https:\/\/www.fastcarshop.com\/de\/shop\/porsche-carrera-de\/porsche-carrera-996-de\/ueberholter-motor-m96-02-3-4l-austauschstandard\/\" \/>\n<meta property=\"og:locale\" content=\"de_DE\" \/>\n<meta property=\"og:type\" content=\"article\" \/>\n<meta property=\"og:title\" content=\"\u00dcberholter Motor M96.02 3.4L - Porsche Carrera 996 - FCS\" \/>\n<meta property=\"og:description\" content=\"\u00dcberholter Motor M96.02 3.4L (Austauschstandard ) f\u00fcr Porsche 996 Carrera C4 3.4L Phase 1, eingebaut zwischen 1997 und 2000. Leistung: 300PS\" \/>\n<meta property=\"og:url\" content=\"https:\/\/www.fastcarshop.com\/de\/shop\/porsche-carrera-de\/porsche-carrera-996-de\/ueberholter-motor-m96-02-3-4l-austauschstandard\/\" \/>\n<meta property=\"og:site_name\" content=\"FAST CAR SHOP - Spezialist f\u00fcr Porsche-Teile\" \/>\n<meta property=\"article:publisher\" content=\"https:\/\/www.facebook.com\/FastCarShopPorsche\/\" \/>\n<meta property=\"article:modified_time\" content=\"2025-01-10T09:55:36+00:00\" \/>\n<meta property=\"og:image\" content=\"https:\/\/i0.wp.com\/www.fastcarshop.com\/wp-content\/uploads\/2024\/06\/Refection-5.jpg?fit=1024%2C768&ssl=1\" \/>\n\t<meta property=\"og:image:width\" content=\"1024\" \/>\n\t<meta property=\"og:image:height\" content=\"768\" \/>\n\t<meta property=\"og:image:type\" content=\"image\/jpeg\" \/>\n<meta name=\"twitter:card\" content=\"summary_large_image\" \/>\n<meta name=\"twitter:label1\" content=\"Gesch\u00e4tzte Lesezeit\" \/>\n\t<meta name=\"twitter:data1\" content=\"2\u00a0Minuten\" \/>\n<script type=\"application\/ld+json\" class=\"yoast-schema-graph\">{\"@context\":\"https:\/\/schema.org\",\"@graph\":[{\"@type\":\"WebPage\",\"@id\":\"https:\/\/www.fastcarshop.com\/de\/shop\/porsche-carrera-de\/porsche-carrera-996-de\/ueberholter-motor-m96-02-3-4l-austauschstandard\/\",\"url\":\"https:\/\/www.fastcarshop.com\/de\/shop\/porsche-carrera-de\/porsche-carrera-996-de\/ueberholter-motor-m96-02-3-4l-austauschstandard\/\",\"name\":\"\u00dcberholter Motor M96.02 3.4L - Porsche Carrera 996 - FCS\",\"isPartOf\":{\"@id\":\"https:\/\/www.fastcarshop.com\/#website\"},\"primaryImageOfPage\":{\"@id\":\"https:\/\/www.fastcarshop.com\/de\/shop\/porsche-carrera-de\/porsche-carrera-996-de\/ueberholter-motor-m96-02-3-4l-austauschstandard\/#primaryimage\"},\"image\":{\"@id\":\"https:\/\/www.fastcarshop.com\/de\/shop\/porsche-carrera-de\/porsche-carrera-996-de\/ueberholter-motor-m96-02-3-4l-austauschstandard\/#primaryimage\"},\"thumbnailUrl\":\"https:\/\/i0.wp.com\/www.fastcarshop.com\/wp-content\/uploads\/2024\/06\/Refection-5.jpg?fit=1024%2C768&ssl=1\",\"datePublished\":\"2024-07-29T16:36:04+00:00\",\"dateModified\":\"2025-01-10T09:55:36+00:00\",\"description\":\"\u00dcberholter Motor M96.02 3.4L (Austauschstandard ) f\u00fcr Porsche 996 Carrera C4 3.4L Phase 1, eingebaut zwischen 1997 und 2000. Leistung: 300PS\",\"breadcrumb\":{\"@id\":\"https:\/\/www.fastcarshop.com\/de\/shop\/porsche-carrera-de\/porsche-carrera-996-de\/ueberholter-motor-m96-02-3-4l-austauschstandard\/#breadcrumb\"},\"inLanguage\":\"de\",\"potentialAction\":[{\"@type\":\"ReadAction\",\"target\":[\"https:\/\/www.fastcarshop.com\/de\/shop\/porsche-carrera-de\/porsche-carrera-996-de\/ueberholter-motor-m96-02-3-4l-austauschstandard\/\"]}]},{\"@type\":\"ImageObject\",\"inLanguage\":\"de\",\"@id\":\"https:\/\/www.fastcarshop.com\/de\/shop\/porsche-carrera-de\/porsche-carrera-996-de\/ueberholter-motor-m96-02-3-4l-austauschstandard\/#primaryimage\",\"url\":\"https:\/\/i0.wp.com\/www.fastcarshop.com\/wp-content\/uploads\/2024\/06\/Refection-5.jpg?fit=1024%2C768&ssl=1\",\"contentUrl\":\"https:\/\/i0.wp.com\/www.fastcarshop.com\/wp-content\/uploads\/2024\/06\/Refection-5.jpg?fit=1024%2C768&ssl=1\",\"width\":1024,\"height\":768,\"caption\":\"Refection 5\"},{\"@type\":\"BreadcrumbList\",\"@id\":\"https:\/\/www.fastcarshop.com\/de\/shop\/porsche-carrera-de\/porsche-carrera-996-de\/ueberholter-motor-m96-02-3-4l-austauschstandard\/#breadcrumb\",\"itemListElement\":[{\"@type\":\"ListItem\",\"position\":1,\"name\":\"Startseite\",\"item\":\"https:\/\/www.fastcarshop.com\/de\/\"},{\"@type\":\"ListItem\",\"position\":2,\"name\":\"Fahrzeugseite\",\"item\":\"https:\/\/www.fastcarshop.com\/de\/fahrzeugseite\/\"},{\"@type\":\"ListItem\",\"position\":3,\"name\":\"\u00dcberholter Motor M96.02 3.4L (Austauschstandard)\"}]},{\"@type\":\"WebSite\",\"@id\":\"https:\/\/www.fastcarshop.com\/#website\",\"url\":\"https:\/\/www.fastcarshop.com\/\",\"name\":\"FAST CAR SHOP - Sp\u00e9cialiste Pi\u00e8ces Porsche d&#039;occasion\",\"description\":\"FAST CAR SHOP - Ihr europ\u00e4ischer Porsche Ersatzteilspezialist\",\"publisher\":{\"@id\":\"https:\/\/www.fastcarshop.com\/#organization\"},\"potentialAction\":[{\"@type\":\"SearchAction\",\"target\":{\"@type\":\"EntryPoint\",\"urlTemplate\":\"https:\/\/www.fastcarshop.com\/?s={search_term_string}\"},\"query-input\":{\"@type\":\"PropertyValueSpecification\",\"valueRequired\":true,\"valueName\":\"search_term_string\"}}],\"inLanguage\":\"de\"},{\"@type\":\"Organization\",\"@id\":\"https:\/\/www.fastcarshop.com\/#organization\",\"name\":\"FAST CAR SHOP\",\"url\":\"https:\/\/www.fastcarshop.com\/\",\"logo\":{\"@type\":\"ImageObject\",\"inLanguage\":\"de\",\"@id\":\"https:\/\/www.fastcarshop.com\/#\/schema\/logo\/image\/\",\"url\":\"https:\/\/i0.wp.com\/www.fastcarshop.com\/wp-content\/uploads\/2019\/09\/FCS-Badge-Facebook-180x180px-1.png?fit=180%2C180&ssl=1\",\"contentUrl\":\"https:\/\/i0.wp.com\/www.fastcarshop.com\/wp-content\/uploads\/2019\/09\/FCS-Badge-Facebook-180x180px-1.png?fit=180%2C180&ssl=1\",\"width\":180,\"height\":180,\"caption\":\"FAST CAR SHOP\"},\"image\":{\"@id\":\"https:\/\/www.fastcarshop.com\/#\/schema\/logo\/image\/\"},\"sameAs\":[\"https:\/\/www.facebook.com\/FastCarShopPorsche\/\",\"https:\/\/www.linkedin.com\/company\/20566238\"]}]}<\/script>\n<!-- \/ Yoast SEO plugin. -->","yoast_head_json":{"title":"\u00dcberholter Motor M96.02 3.4L - Porsche Carrera 996 - FCS","description":"\u00dcberholter Motor M96.02 3.4L (Austauschstandard ) f\u00fcr Porsche 996 Carrera C4 3.4L Phase 1, eingebaut zwischen 1997 und 2000. Leistung: 300PS","robots":{"index":"index","follow":"follow","max-snippet":"max-snippet:-1","max-image-preview":"max-image-preview:large","max-video-preview":"max-video-preview:-1"},"canonical":"https:\/\/www.fastcarshop.com\/de\/shop\/porsche-carrera-de\/porsche-carrera-996-de\/ueberholter-motor-m96-02-3-4l-austauschstandard\/","og_locale":"de_DE","og_type":"article","og_title":"\u00dcberholter Motor M96.02 3.4L - Porsche Carrera 996 - FCS","og_description":"\u00dcberholter Motor M96.02 3.4L (Austauschstandard ) f\u00fcr Porsche 996 Carrera C4 3.4L Phase 1, eingebaut zwischen 1997 und 2000. Leistung: 300PS","og_url":"https:\/\/www.fastcarshop.com\/de\/shop\/porsche-carrera-de\/porsche-carrera-996-de\/ueberholter-motor-m96-02-3-4l-austauschstandard\/","og_site_name":"FAST CAR SHOP - Spezialist f\u00fcr Porsche-Teile","article_publisher":"https:\/\/www.facebook.com\/FastCarShopPorsche\/","article_modified_time":"2025-01-10T09:55:36+00:00","og_image":[{"width":1024,"height":768,"url":"https:\/\/i0.wp.com\/www.fastcarshop.com\/wp-content\/uploads\/2024\/06\/Refection-5.jpg?fit=1024%2C768&ssl=1","type":"image\/jpeg"}],"twitter_card":"summary_large_image","twitter_misc":{"Gesch\u00e4tzte Lesezeit":"2\u00a0Minuten"},"schema":{"@context":"https:\/\/schema.org","@graph":[{"@type":"WebPage","@id":"https:\/\/www.fastcarshop.com\/de\/shop\/porsche-carrera-de\/porsche-carrera-996-de\/ueberholter-motor-m96-02-3-4l-austauschstandard\/","url":"https:\/\/www.fastcarshop.com\/de\/shop\/porsche-carrera-de\/porsche-carrera-996-de\/ueberholter-motor-m96-02-3-4l-austauschstandard\/","name":"\u00dcberholter Motor M96.02 3.4L - Porsche Carrera 996 - FCS","isPartOf":{"@id":"https:\/\/www.fastcarshop.com\/#website"},"primaryImageOfPage":{"@id":"https:\/\/www.fastcarshop.com\/de\/shop\/porsche-carrera-de\/porsche-carrera-996-de\/ueberholter-motor-m96-02-3-4l-austauschstandard\/#primaryimage"},"image":{"@id":"https:\/\/www.fastcarshop.com\/de\/shop\/porsche-carrera-de\/porsche-carrera-996-de\/ueberholter-motor-m96-02-3-4l-austauschstandard\/#primaryimage"},"thumbnailUrl":"https:\/\/i0.wp.com\/www.fastcarshop.com\/wp-content\/uploads\/2024\/06\/Refection-5.jpg?fit=1024%2C768&ssl=1","datePublished":"2024-07-29T16:36:04+00:00","dateModified":"2025-01-10T09:55:36+00:00","description":"\u00dcberholter Motor M96.02 3.4L (Austauschstandard ) f\u00fcr Porsche 996 Carrera C4 3.4L Phase 1, eingebaut zwischen 1997 und 2000. Leistung: 300PS","breadcrumb":{"@id":"https:\/\/www.fastcarshop.com\/de\/shop\/porsche-carrera-de\/porsche-carrera-996-de\/ueberholter-motor-m96-02-3-4l-austauschstandard\/#breadcrumb"},"inLanguage":"de","potentialAction":[{"@type":"ReadAction","target":["https:\/\/www.fastcarshop.com\/de\/shop\/porsche-carrera-de\/porsche-carrera-996-de\/ueberholter-motor-m96-02-3-4l-austauschstandard\/"]}]},{"@type":"ImageObject","inLanguage":"de","@id":"https:\/\/www.fastcarshop.com\/de\/shop\/porsche-carrera-de\/porsche-carrera-996-de\/ueberholter-motor-m96-02-3-4l-austauschstandard\/#primaryimage","url":"https:\/\/i0.wp.com\/www.fastcarshop.com\/wp-content\/uploads\/2024\/06\/Refection-5.jpg?fit=1024%2C768&ssl=1","contentUrl":"https:\/\/i0.wp.com\/www.fastcarshop.com\/wp-content\/uploads\/2024\/06\/Refection-5.jpg?fit=1024%2C768&ssl=1","width":1024,"height":768,"caption":"Refection 5"},{"@type":"BreadcrumbList","@id":"https:\/\/www.fastcarshop.com\/de\/shop\/porsche-carrera-de\/porsche-carrera-996-de\/ueberholter-motor-m96-02-3-4l-austauschstandard\/#breadcrumb","itemListElement":[{"@type":"ListItem","position":1,"name":"Startseite","item":"https:\/\/www.fastcarshop.com\/de\/"},{"@type":"ListItem","position":2,"name":"Fahrzeugseite","item":"https:\/\/www.fastcarshop.com\/de\/fahrzeugseite\/"},{"@type":"ListItem","position":3,"name":"\u00dcberholter Motor M96.02 3.4L (Austauschstandard)"}]},{"@type":"WebSite","@id":"https:\/\/www.fastcarshop.com\/#website","url":"https:\/\/www.fastcarshop.com\/","name":"FAST CAR SHOP - Sp\u00e9cialiste Pi\u00e8ces Porsche d&#039;occasion","description":"FAST CAR SHOP - Ihr europ\u00e4ischer Porsche Ersatzteilspezialist","publisher":{"@id":"https:\/\/www.fastcarshop.com\/#organization"},"potentialAction":[{"@type":"SearchAction","target":{"@type":"EntryPoint","urlTemplate":"https:\/\/www.fastcarshop.com\/?s={search_term_string}"},"query-input":{"@type":"PropertyValueSpecification","valueRequired":true,"valueName":"search_term_string"}}],"inLanguage":"de"},{"@type":"Organization","@id":"https:\/\/www.fastcarshop.com\/#organization","name":"FAST CAR SHOP","url":"https:\/\/www.fastcarshop.com\/","logo":{"@type":"ImageObject","inLanguage":"de","@id":"https:\/\/www.fastcarshop.com\/#\/schema\/logo\/image\/","url":"https:\/\/i0.wp.com\/www.fastcarshop.com\/wp-content\/uploads\/2019\/09\/FCS-Badge-Facebook-180x180px-1.png?fit=180%2C180&ssl=1","contentUrl":"https:\/\/i0.wp.com\/www.fastcarshop.com\/wp-content\/uploads\/2019\/09\/FCS-Badge-Facebook-180x180px-1.png?fit=180%2C180&ssl=1","width":180,"height":180,"caption":"FAST CAR SHOP"},"image":{"@id":"https:\/\/www.fastcarshop.com\/#\/schema\/logo\/image\/"},"sameAs":["https:\/\/www.facebook.com\/FastCarShopPorsche\/","https:\/\/www.linkedin.com\/company\/20566238"]}]}},"jetpack_sharing_enabled":true,"_links":{"self":[{"href":"https:\/\/www.fastcarshop.com\/de\/wp-json\/wp\/v2\/product\/38015","targetHints":{"allow":["GET"]}}],"collection":[{"href":"https:\/\/www.fastcarshop.com\/de\/wp-json\/wp\/v2\/product"}],"about":[{"href":"https:\/\/www.fastcarshop.com\/de\/wp-json\/wp\/v2\/types\/product"}],"replies":[{"embeddable":true,"href":"https:\/\/www.fastcarshop.com\/de\/wp-json\/wp\/v2\/comments?post=38015"}],"wp:featuredmedia":[{"embeddable":true,"href":"https:\/\/www.fastcarshop.com\/de\/wp-json\/wp\/v2\/media\/37894"}],"wp:attachment":[{"href":"https:\/\/www.fastcarshop.com\/de\/wp-json\/wp\/v2\/media?parent=38015"}],"wp:term":[{"taxonomy":"product_brand","embeddable":true,"href":"https:\/\/www.fastcarshop.com\/de\/wp-json\/wp\/v2\/product_brand?post=38015"},{"taxonomy":"product_cat","embeddable":true,"href":"https:\/\/www.fastcarshop.com\/de\/wp-json\/wp\/v2\/product_cat?post=38015"},{"taxonomy":"product_tag","embeddable":true,"href":"https:\/\/www.fastcarshop.com\/de\/wp-json\/wp\/v2\/product_tag?post=38015"}],"curies":[{"name":"wp","href":"https:\/\/api.w.org\/{rel}","templated":true}]}}